{"id":835,"date":"2020-04-08T18:48:05","date_gmt":"2020-04-08T16:48:05","guid":{"rendered":"https:\/\/kernsverlag.com\/book\/der-hohle-fels-in-schelklingen\/"},"modified":"2020-06-04T11:51:59","modified_gmt":"2020-06-04T09:51:59","slug":"der-hohle-fels-in-schelklingen-en","status":"publish","type":"product","link":"https:\/\/kernsverlag.com\/en\/book\/der-hohle-fels-in-schelklingen-en\/","title":{"rendered":"Der Hohle Fels in Schelklingen"},"content":{"rendered":"<p>Seit den Anf\u00e4ngen der Erforschung der Eiszeitarch\u00e4ologie und der menschlichen Evolution in S\u00fcdwestdeutschland im 19. Jahrhundert spielen die Ausgrabungen im Hohle Fels eine entscheidende Rolle.<\/p>\n<p>Dieses Buch bietet den Leserinnen und Lesern einen fundierten \u00dcberblick zu den Forschungsgrabungen der Universit\u00e4t T\u00fcbingen im Hohle Fels. Ihnen wird in verst\u00e4ndlicher Form ein Einblick in die einzigartige Besiedlungsgeschichte des Hohle Fels und der Schw\u00e4bischen Alb vermittelt, gleichzeitig gewinnen sie Kenntnisse \u00fcber viele wichtige Etappen der Menschheitsgeschichte.<\/p>\n","protected":false},"excerpt":{"rendered":"<div class=\"entry-summary\">\n<span class=\"subtitle\">Anf\u00e4nge von Kunst und Musik<\/span><\/p>\n<p><!--Erscheinungsdatum: Juni 2020--><br \/>\n<strong>in German<\/strong>\n<\/div>\n","protected":false},"featured_media":877,"template":"","meta":{"_acf_changed":false},"product_brand":[],"product_cat":[119,110,59],"product_tag":[],"class_list":{"0":"post-835","1":"product","2":"type-product","3":"status-publish","4":"has-post-thumbnail","6":"product_cat-all-titles","7":"product_cat-german-books","8":"product_cat-tuebingen-publications-in-prehistory-en","10":"first","11":"instock","12":"taxable","13":"shipping-taxable","14":"purchasable","15":"product-type-simple","16":"entry"},"acf":[],"_links":{"self":[{"href":"https:\/\/kernsverlag.com\/en\/wp-json\/wp\/v2\/product\/835","targetHints":{"allow":["GET"]}}],"collection":[{"href":"https:\/\/kernsverlag.com\/en\/wp-json\/wp\/v2\/product"}],"about":[{"href":"https:\/\/kernsverlag.com\/en\/wp-json\/wp\/v2\/types\/product"}],"wp:featuredmedia":[{"embeddable":true,"href":"https:\/\/kernsverlag.com\/en\/wp-json\/wp\/v2\/media\/877"}],"wp:attachment":[{"href":"https:\/\/kernsverlag.com\/en\/wp-json\/wp\/v2\/media?parent=835"}],"wp:term":[{"taxonomy":"product_brand","embeddable":true,"href":"https:\/\/kernsverlag.com\/en\/wp-json\/wp\/v2\/product_brand?post=835"},{"taxonomy":"product_cat","embeddable":true,"href":"https:\/\/kernsverlag.com\/en\/wp-json\/wp\/v2\/product_cat?post=835"},{"taxonomy":"product_tag","embeddable":true,"href":"https:\/\/kernsverlag.com\/en\/wp-json\/wp\/v2\/product_tag?post=835"}],"curies":[{"name":"wp","href":"https:\/\/api.w.org\/{rel}","templated":true}]}}