{"id":454,"date":"2008-04-26T11:17:47","date_gmt":"2019-04-26T09:17:48","guid":{"rendered":"http:\/\/woocommerce.kernsverlag.com\/?post_type=product&#038;p=454"},"modified":"2019-08-07T16:16:01","modified_gmt":"2019-08-07T14:16:01","slug":"urgeschichte-am-rhein-reduced","status":"publish","type":"product","link":"https:\/\/kernsverlag.com\/en\/book\/urgeschichte-am-rhein-reduced\/","title":{"rendered":"Urgeschichte am Rhein (shelfware)"},"content":{"rendered":"<p><img loading=\"lazy\" decoding=\"async\" class=\"size-full wp-image-195 alignright\" src=\"https:\/\/kernsverlag.com\/wp-content\/uploads\/2019\/04\/bosinskiweb.jpeg\" alt=\"Gerhard Bosinski\" width=\"172\" height=\"220\" \/> Gerhard Bosinski z\u00e4hlt zu den f\u00fchrenden Urgeschichtlern seiner Generation und ist derjenige, der die Arch\u00e4ologie der Eiszeit in Deutschland in den letzten f\u00fcnf Jahrzehnten am st\u00e4rksten gepr\u00e4gt hat.<\/p>\n<p>Ihm gelang es seit den 1960er Jahren bis in die Zeit nach der Jahrtausendwende, den Forschungsstand zur Altsteinzeit am Rhein entscheidend nach vorne zu bringen. Schon jetzt ist sicher, dass diese Zeit einen besonderen H\u00f6hepunkt in der pal\u00e4olithischen Forschung in Deutschland darstellt. Viele der Ergebnisse aus dieser Zeit h\u00e4lt der Autor in einer Art r\u00e9sumierenden Lebenswerks im vorliegenden Buch fest.<\/p>\n<p><a style=\"outline-width: 0px !important; user-select: auto !important;\" href=\"https:\/\/kernsverlag.com\/wp-content\/uploads\/2019\/04\/bosinskiverzeichnis_0.pdf\">Table of Contents as PDF (German)<\/a><\/p>\n","protected":false},"excerpt":{"rendered":"<div class=\"entry-summary\">\nDate of publication: 2008<br \/>\n<strong>Reduced price: some books are not wrapped in shrinkfoil. Very good condition. Unread, a little shelfworn.<br \/>\nin German<\/strong>\n<\/div>\n","protected":false},"featured_media":188,"template":"","meta":{"_acf_changed":false},"product_brand":[],"product_cat":[120],"product_tag":[],"class_list":{"0":"post-454","1":"product","2":"type-product","3":"status-publish","4":"has-post-thumbnail","6":"product_cat-sales","8":"first","9":"instock","10":"sale","11":"taxable","12":"shipping-taxable","13":"purchasable","14":"product-type-simple","15":"entry"},"acf":[],"_links":{"self":[{"href":"https:\/\/kernsverlag.com\/en\/wp-json\/wp\/v2\/product\/454","targetHints":{"allow":["GET"]}}],"collection":[{"href":"https:\/\/kernsverlag.com\/en\/wp-json\/wp\/v2\/product"}],"about":[{"href":"https:\/\/kernsverlag.com\/en\/wp-json\/wp\/v2\/types\/product"}],"wp:featuredmedia":[{"embeddable":true,"href":"https:\/\/kernsverlag.com\/en\/wp-json\/wp\/v2\/media\/188"}],"wp:attachment":[{"href":"https:\/\/kernsverlag.com\/en\/wp-json\/wp\/v2\/media?parent=454"}],"wp:term":[{"taxonomy":"product_brand","embeddable":true,"href":"https:\/\/kernsverlag.com\/en\/wp-json\/wp\/v2\/product_brand?post=454"},{"taxonomy":"product_cat","embeddable":true,"href":"https:\/\/kernsverlag.com\/en\/wp-json\/wp\/v2\/product_cat?post=454"},{"taxonomy":"product_tag","embeddable":true,"href":"https:\/\/kernsverlag.com\/en\/wp-json\/wp\/v2\/product_tag?post=454"}],"curies":[{"name":"wp","href":"https:\/\/api.w.org\/{rel}","templated":true}]}}