{"id":294,"date":"2014-12-04T11:59:33","date_gmt":"2019-04-04T09:59:33","guid":{"rendered":"http:\/\/woocommerce.kernsverlag.com\/product\/the-early-upper-paleolithic-occupation-of-ghar-e-boof-cave\/"},"modified":"2019-08-07T16:03:06","modified_gmt":"2019-08-07T14:03:06","slug":"the-early-upper-paleolithic-occupation-of-ghar-e-boof-cave","status":"publish","type":"product","link":"https:\/\/kernsverlag.com\/en\/book\/the-early-upper-paleolithic-occupation-of-ghar-e-boof-cave\/","title":{"rendered":"The Early Upper Paleolithic Occupation of Gh\u0101r-e Boof Cave"},"content":{"rendered":"<p>Between 2005 and 2007 researchers from the T\u00fcbingen Iranian Stone Age Research Project (TISARP) conducted fieldwork at the cave of Gh\u0101r-e Boof on the edge of the Dasht-e Rostam in the southwestern Zagros. In this book Elham Ghasidian presents the assemblages from the early Upper Paleolithic of Gh\u0101r-e Boof Cave and discusses how these results radically change our views of the Iranian Paleolithic.<\/p>\n<p>\u201cElham Ghasidian\u2019s excavation of Gh\u0101r-e Boof Cave in the Dasht-e Rostam-Basht Region of the southern Zagros is a welcome addition to our knowledge of Iranian prehistory and opens a window on an entirely new facet of the Upper Paleolithic in Iran and southwestern Asia in general.\u00a0 Her analysis of the site assemblage and interpretation of its contextual significance provides important food for thought concerning the nature of Upper Paleolithic populations in southwestern Iran and their adaptations.\u201d<br \/>\n\u2013 Michael Rosenberg, Department of Anthropology, University of Delaware<\/p>\n","protected":false},"excerpt":{"rendered":"<div class=\"entry-summary\">\n<span class=\"subtitle\">A Reconstruction of Cultural Tradition in the Southern Zagros Mountains of Iran<\/span><\/p>\n<p>Date of publication: December 2014<br \/>\n<strong>in English<\/strong>\n<\/div>\n","protected":false},"featured_media":218,"template":"","meta":{"_acf_changed":false},"product_brand":[],"product_cat":[119,58,111],"product_tag":[],"class_list":{"0":"post-294","1":"product","2":"type-product","3":"status-publish","4":"has-post-thumbnail","6":"product_cat-all-titles","7":"product_cat-archaeology-of-southwestern-asia-en","8":"product_cat-english-books","10":"first","11":"instock","12":"taxable","13":"shipping-taxable","14":"purchasable","15":"product-type-simple","16":"entry"},"acf":[],"_links":{"self":[{"href":"https:\/\/kernsverlag.com\/en\/wp-json\/wp\/v2\/product\/294","targetHints":{"allow":["GET"]}}],"collection":[{"href":"https:\/\/kernsverlag.com\/en\/wp-json\/wp\/v2\/product"}],"about":[{"href":"https:\/\/kernsverlag.com\/en\/wp-json\/wp\/v2\/types\/product"}],"wp:featuredmedia":[{"embeddable":true,"href":"https:\/\/kernsverlag.com\/en\/wp-json\/wp\/v2\/media\/218"}],"wp:attachment":[{"href":"https:\/\/kernsverlag.com\/en\/wp-json\/wp\/v2\/media?parent=294"}],"wp:term":[{"taxonomy":"product_brand","embeddable":true,"href":"https:\/\/kernsverlag.com\/en\/wp-json\/wp\/v2\/product_brand?post=294"},{"taxonomy":"product_cat","embeddable":true,"href":"https:\/\/kernsverlag.com\/en\/wp-json\/wp\/v2\/product_cat?post=294"},{"taxonomy":"product_tag","embeddable":true,"href":"https:\/\/kernsverlag.com\/en\/wp-json\/wp\/v2\/product_tag?post=294"}],"curies":[{"name":"wp","href":"https:\/\/api.w.org\/{rel}","templated":true}]}}