{"id":293,"date":"2019-04-04T11:59:33","date_gmt":"2019-04-04T09:59:33","guid":{"rendered":"http:\/\/woocommerce.kernsverlag.com\/product\/geissenkloesterle-2\/"},"modified":"2019-08-07T15:52:26","modified_gmt":"2019-08-07T13:52:26","slug":"geissenkloesterle-2","status":"publish","type":"product","link":"https:\/\/kernsverlag.com\/en\/book\/geissenkloesterle-2\/","title":{"rendered":"Gei\u00dfenkl\u00f6sterle"},"content":{"rendered":"<p>The demise of the Neanderthals, the arrival of modern humans in Europe, the evolution of art, music and symbolic behavior, as well as other key issues in Paleolithic archaeology and human evolution, are synonymous with the site of Gei\u00dfenkl\u00f6sterle Cave in the Ach Valley on the Swabian Jura.<\/p>\n<p>The current volume presents a wide range of results from the archaeological sciences that focus on topics includ-ing geoarchaeology, dating, paleoecology, human subsistence, and others, with special place given to the extensive zooarchaeological studies, made available here for the international research community.<\/p>\n","protected":false},"excerpt":{"rendered":"<div class=\"entry-summary\">\n<span class=\"subtitle\">Chronostratigraphie, Pal\u00e4oumwelt und Subsistenz im Mittel- und Jungpal\u00e4olithikum der Schw\u00e4bischen Alb<\/span><\/p>\n<p>Date of publication: April 2019<br \/>\n<strong>in German and English<\/strong>\n<\/div>\n","protected":false},"featured_media":232,"template":"","meta":{"_acf_changed":false},"product_brand":[],"product_cat":[119,110,60],"product_tag":[],"class_list":{"0":"post-293","1":"product","2":"type-product","3":"status-publish","4":"has-post-thumbnail","6":"product_cat-all-titles","7":"product_cat-german-books","8":"product_cat-tuebinger-monographien-zur-urgeschichte-en","10":"first","11":"instock","12":"taxable","13":"shipping-taxable","14":"purchasable","15":"product-type-simple","16":"entry"},"acf":[],"_links":{"self":[{"href":"https:\/\/kernsverlag.com\/en\/wp-json\/wp\/v2\/product\/293","targetHints":{"allow":["GET"]}}],"collection":[{"href":"https:\/\/kernsverlag.com\/en\/wp-json\/wp\/v2\/product"}],"about":[{"href":"https:\/\/kernsverlag.com\/en\/wp-json\/wp\/v2\/types\/product"}],"wp:featuredmedia":[{"embeddable":true,"href":"https:\/\/kernsverlag.com\/en\/wp-json\/wp\/v2\/media\/232"}],"wp:attachment":[{"href":"https:\/\/kernsverlag.com\/en\/wp-json\/wp\/v2\/media?parent=293"}],"wp:term":[{"taxonomy":"product_brand","embeddable":true,"href":"https:\/\/kernsverlag.com\/en\/wp-json\/wp\/v2\/product_brand?post=293"},{"taxonomy":"product_cat","embeddable":true,"href":"https:\/\/kernsverlag.com\/en\/wp-json\/wp\/v2\/product_cat?post=293"},{"taxonomy":"product_tag","embeddable":true,"href":"https:\/\/kernsverlag.com\/en\/wp-json\/wp\/v2\/product_tag?post=293"}],"curies":[{"name":"wp","href":"https:\/\/api.w.org\/{rel}","templated":true}]}}