{"id":280,"date":"2009-10-04T11:59:33","date_gmt":"2019-04-04T09:59:33","guid":{"rendered":"http:\/\/woocommerce.kernsverlag.com\/product\/geissenkloesterle\/"},"modified":"2019-08-07T16:00:22","modified_gmt":"2019-08-07T14:00:22","slug":"geissenkloesterle","status":"publish","type":"product","link":"https:\/\/kernsverlag.com\/en\/book\/geissenkloesterle\/","title":{"rendered":"Gei\u00dfenkl\u00f6sterle"},"content":{"rendered":"<p>Die sorgf\u00e4ltig ausgearbeitete Untersuchung von Luc Moreau ist das erste monographische Werk, das sich den Steinartefakten des Gravettien im Achtal widmet und wird von nachhaltiger Relevanz f\u00fcr die Fachwelt sein. Die Publikation ist besonders bedeutend f\u00fcr die Definition des schw\u00e4bischen Gravettien und f\u00fcr die Rekonstruktion der Lebensformen im Achtal zwischen ca. 29 000 und 27 000 Jahren vor heute.<\/p>\n","protected":false},"excerpt":{"rendered":"<div class=\"entry-summary\">\n<span class=\"subtitle\">Das Gravettien der Schw\u00e4bischen Alb im europ\u00e4ischen Kontext<\/span><\/p>\n<p>Date of publication: October 2009<br \/>\n<strong>in German<\/strong>\n<\/div>\n","protected":false},"featured_media":164,"template":"","meta":{"_acf_changed":false},"product_brand":[],"product_cat":[119,110,60],"product_tag":[],"class_list":{"0":"post-280","1":"product","2":"type-product","3":"status-publish","4":"has-post-thumbnail","6":"product_cat-all-titles","7":"product_cat-german-books","8":"product_cat-tuebinger-monographien-zur-urgeschichte-en","10":"first","11":"instock","12":"taxable","13":"shipping-taxable","14":"purchasable","15":"product-type-simple","16":"entry"},"acf":[],"_links":{"self":[{"href":"https:\/\/kernsverlag.com\/en\/wp-json\/wp\/v2\/product\/280","targetHints":{"allow":["GET"]}}],"collection":[{"href":"https:\/\/kernsverlag.com\/en\/wp-json\/wp\/v2\/product"}],"about":[{"href":"https:\/\/kernsverlag.com\/en\/wp-json\/wp\/v2\/types\/product"}],"wp:featuredmedia":[{"embeddable":true,"href":"https:\/\/kernsverlag.com\/en\/wp-json\/wp\/v2\/media\/164"}],"wp:attachment":[{"href":"https:\/\/kernsverlag.com\/en\/wp-json\/wp\/v2\/media?parent=280"}],"wp:term":[{"taxonomy":"product_brand","embeddable":true,"href":"https:\/\/kernsverlag.com\/en\/wp-json\/wp\/v2\/product_brand?post=280"},{"taxonomy":"product_cat","embeddable":true,"href":"https:\/\/kernsverlag.com\/en\/wp-json\/wp\/v2\/product_cat?post=280"},{"taxonomy":"product_tag","embeddable":true,"href":"https:\/\/kernsverlag.com\/en\/wp-json\/wp\/v2\/product_tag?post=280"}],"curies":[{"name":"wp","href":"https:\/\/api.w.org\/{rel}","templated":true}]}}