{"id":256,"date":"2014-11-04T11:59:33","date_gmt":"2019-04-04T09:59:33","guid":{"rendered":"http:\/\/woocommerce.kernsverlag.com\/product\/das-magdalenien-des-hohle-fels\/"},"modified":"2019-08-07T15:56:51","modified_gmt":"2019-08-07T13:56:51","slug":"das-magdalenien-des-hohle-fels","status":"publish","type":"product","link":"https:\/\/kernsverlag.com\/en\/book\/das-magdalenien-des-hohle-fels\/","title":{"rendered":"Das Magdal\u00e9nien des Hohle Fels"},"content":{"rendered":"<p>\u201eMit dieser Monographie legt Andreas Taller einen wichtigen, in seiner Bedeutung bisher nicht ausreichend gew\u00fcrdigten Fundkomplex vor: die Magdal\u00e9nienfunde aus dem Hohle Fels bei Schelklingen auf der Schw\u00e4bischen Alb. Der Fokus der Arbeit liegt auf der Analyse der Steinartefakte, doch werden f\u00fcr eine Einordnung und Charakterisierung der Fundstelle auch die Werkzeuge aus organischen Rohmaterialien sowie die Schmuck- und Kunstobjekte ber\u00fccksichtigt. Eingebettet in den aktuellen Forschungsstand zum Magdal\u00e9nien, stellt die mit \u00fcberzeugenden Argumenten untermauerte Datierung der Funde in die Zeit zwischen etwa 12.500 und 13.000 vor heute einen bedeutenden Beitrag zum Verst\u00e4ndnis der Wiederbesiedlung nicht nur S\u00fcdwestdeutschlands, sondern ganz Mitteleuropas nach dem Letzten Glazialen Maximum dar. Einen besonderen Schwerpunkt bildet die sorgf\u00e4ltige Untersuchung der zahlreichen Werkzeuge mit R\u00fcckenstumpfung. Mithilfe innovativer Funktionsanalysemethoden kann Andreas Taller zeigen, dass zwar viele dieser St\u00fccke als Projektileins\u00e4tze verwendet worden sind, dar\u00fcber hinaus aber auch das Schneiden verschiedenster Materialien ein bedeutendes Anwendungsfeld war. Durch den Nachweis, dass die r\u00fcckengestumpften Werkzeuge aus dem Magdal\u00e9nien des Hohle Fels Elemente eines modulartechnologischen Systems waren, gelingt eine revidierte W\u00fcrdigung dieser nur scheinbar so klaren Werkzeugkategorie. Mit dem vorliegenden Werk wird der Hohle Fels bei Schelklingen zu einer wichtigen Referenzfundstelle f\u00fcr das Magdal\u00e9nien in Mitteleuropa und erh\u00e4lt damit seinen ihm zustehenden Stellenwert in der Fachwelt.\u201c<\/p>\n<p>Michael Bolus,\u00a0Heidelberger Akademie der Wissenschaften,\u00a0Forschungsstelle \u201aThe role of culture in early expansions of human\u2018<\/p>\n","protected":false},"excerpt":{"rendered":"<div class=\"entry-summary\">\n<span class=\"subtitle\">Chronologische Stellung, Lithische Technologie und Funktion der R\u00fcckenmesser<\/span><\/p>\n<p>Date of publication: November 2014<br \/>\n<strong>in German<\/strong>\n<\/div>\n","protected":false},"featured_media":255,"template":"","meta":{"_acf_changed":false},"product_brand":[],"product_cat":[119,110,60],"product_tag":[],"class_list":{"0":"post-256","1":"product","2":"type-product","3":"status-publish","4":"has-post-thumbnail","6":"product_cat-all-titles","7":"product_cat-german-books","8":"product_cat-tuebinger-monographien-zur-urgeschichte-en","10":"first","11":"instock","12":"taxable","13":"shipping-taxable","14":"purchasable","15":"product-type-simple","16":"entry"},"acf":[],"_links":{"self":[{"href":"https:\/\/kernsverlag.com\/en\/wp-json\/wp\/v2\/product\/256","targetHints":{"allow":["GET"]}}],"collection":[{"href":"https:\/\/kernsverlag.com\/en\/wp-json\/wp\/v2\/product"}],"about":[{"href":"https:\/\/kernsverlag.com\/en\/wp-json\/wp\/v2\/types\/product"}],"wp:featuredmedia":[{"embeddable":true,"href":"https:\/\/kernsverlag.com\/en\/wp-json\/wp\/v2\/media\/255"}],"wp:attachment":[{"href":"https:\/\/kernsverlag.com\/en\/wp-json\/wp\/v2\/media?parent=256"}],"wp:term":[{"taxonomy":"product_brand","embeddable":true,"href":"https:\/\/kernsverlag.com\/en\/wp-json\/wp\/v2\/product_brand?post=256"},{"taxonomy":"product_cat","embeddable":true,"href":"https:\/\/kernsverlag.com\/en\/wp-json\/wp\/v2\/product_cat?post=256"},{"taxonomy":"product_tag","embeddable":true,"href":"https:\/\/kernsverlag.com\/en\/wp-json\/wp\/v2\/product_tag?post=256"}],"curies":[{"name":"wp","href":"https:\/\/api.w.org\/{rel}","templated":true}]}}