{"id":251,"date":"2019-07-01T00:00:37","date_gmt":"2019-06-30T22:00:37","guid":{"rendered":"http:\/\/woocommerce.kernsverlag.com\/product\/das-magdalenien-im-suedwesten-deutschlands-im-elsass-und-in-der-schweiz\/"},"modified":"2019-08-07T15:22:10","modified_gmt":"2019-08-07T13:22:10","slug":"das-magdalenien-im-suedwesten-deutschlands-im-elsass-und-in-der-schweiz__trashed-2","status":"publish","type":"product","link":"https:\/\/kernsverlag.com\/en\/book\/das-magdalenien-im-suedwesten-deutschlands-im-elsass-und-in-der-schweiz__trashed-2\/","title":{"rendered":"Das Magdal\u00e9nien im S\u00fcdwesten Deutschlands, im Elsass und in der Schweiz"},"content":{"rendered":"<h3>Eine Internationale Fachtagung zum 100-j\u00e4hrigen Grabungsjubil\u00e4um in der Kleinen Scheuer im Rosenstein<\/h3>\n<p>Ausgehend von der Kleinen Scheuer spannt das vorliegende Buch, das die Arbeiten von 25 namhaften AutorInnen und Autoren vereint, einen Bogen vom Magdal\u00e9nien S\u00fcdwestdeutschlands bis in das \u00f6stliche Frankreich und die Schweiz. Neben diesem grenz\u00fcberschreitenden Aspekt liegt ein Verdienst des Bandes in der besonderen Ber\u00fccksichtigung von Freilandfundstellen. In den letzten Jahren gelang am Nordrand der Schw\u00e4bischen Alb die Entdeckung mehrerer neuer Magdal\u00e9nienstationen, die sich gemeinsam mit seit l\u00e4ngerem bekannten Fundstellen um das Randecker Maar zu einem interessanten Siedlungscluster f\u00fcgen. Die Nutzung eines spezifischen im Randecker Maar gebildeten Terti\u00e4rsilex scheint auf das Pal\u00e4olithikum beschr\u00e4nkt zu sein und bildet somit einen chronologischen Marker. Neben Beitr\u00e4gen, die sich vornehmlich mit der chrono-kulturellen Einordnung und den Steinartefakten des Magdal\u00e9nien besch\u00e4ftigen, f\u00fchren uns mehrere Beitr\u00e4ge auch in die Thematik des Ritus (Kannibalismus?), des Schmucks und der Kunst. Von besonderer Bedeutung ist hier die erstmalige Vorlage eines neuen Kleinkunstwerks, einer Frauenfigur vom Typ G\u00f6nnersdorf aus der Magdal\u00e9nien-Station Waldstetten-Schlatt.<\/p>\n","protected":false},"excerpt":{"rendered":"<div class=\"entry-summary\">\nDate of publication: July 2019<br \/>\n<strong>in German with one contribution in English<\/strong>\n<\/div>\n","protected":false},"featured_media":224,"template":"","meta":{"_acf_changed":false},"product_brand":[],"product_cat":[119,110,59],"product_tag":[],"class_list":{"0":"post-251","1":"product","2":"type-product","3":"status-publish","4":"has-post-thumbnail","6":"product_cat-all-titles","7":"product_cat-german-books","8":"product_cat-tuebingen-publications-in-prehistory-en","10":"first","11":"instock","12":"taxable","13":"shipping-taxable","14":"purchasable","15":"product-type-simple","16":"entry"},"acf":[],"_links":{"self":[{"href":"https:\/\/kernsverlag.com\/en\/wp-json\/wp\/v2\/product\/251","targetHints":{"allow":["GET"]}}],"collection":[{"href":"https:\/\/kernsverlag.com\/en\/wp-json\/wp\/v2\/product"}],"about":[{"href":"https:\/\/kernsverlag.com\/en\/wp-json\/wp\/v2\/types\/product"}],"wp:featuredmedia":[{"embeddable":true,"href":"https:\/\/kernsverlag.com\/en\/wp-json\/wp\/v2\/media\/224"}],"wp:attachment":[{"href":"https:\/\/kernsverlag.com\/en\/wp-json\/wp\/v2\/media?parent=251"}],"wp:term":[{"taxonomy":"product_brand","embeddable":true,"href":"https:\/\/kernsverlag.com\/en\/wp-json\/wp\/v2\/product_brand?post=251"},{"taxonomy":"product_cat","embeddable":true,"href":"https:\/\/kernsverlag.com\/en\/wp-json\/wp\/v2\/product_cat?post=251"},{"taxonomy":"product_tag","embeddable":true,"href":"https:\/\/kernsverlag.com\/en\/wp-json\/wp\/v2\/product_tag?post=251"}],"curies":[{"name":"wp","href":"https:\/\/api.w.org\/{rel}","templated":true}]}}