{"id":243,"date":"2019-04-03T11:59:37","date_gmt":"2019-04-04T09:59:37","guid":{"rendered":"http:\/\/woocommerce.kernsverlag.com\/product\/das-helga-abri-im-achtal\/"},"modified":"2019-08-07T15:53:42","modified_gmt":"2019-08-07T13:53:42","slug":"das-helga-abri-im-achtal","status":"publish","type":"product","link":"https:\/\/kernsverlag.com\/en\/book\/das-helga-abri-im-achtal\/","title":{"rendered":"Das Helga-Abri im Achtal"},"content":{"rendered":"<p>\u201eDas Helga-Abri liegt an der s\u00fcdlichen Flanke des Hohle Fels oberhalb des Achtals bei Schelklingen. Erste arch\u00e4ologische Ausgrabungen in den Jahren zwischen 1958 und 1960 blieben unver\u00f6ffentlicht, zu umfangreicheren Ausgrabungen der Jahre zwischen 1976 und 1984 wurden nur Vorberichte \u00fcber die Gel\u00e4ndearbeiten und erste Auswertungen sowie \u00fcber ausgew\u00e4hlte Teilbereiche aus dem Fundmaterial publiziert. Wesentliche Aspekte zur Arch\u00e4ologie der reichen Schichtenfolge, die Ablagerungen sowohl aus dem sp\u00e4ten Magdal\u00e9nien als auch dem Fr\u00fchmesolithikum umfasst, blieben unber\u00fccksichtigt. Die vorliegende Arbeit von Thomas Hess stellt nun die erste Gesamtbearbeitung des lithischen Fundmaterials sowie der Befunde dar und macht das Helga-Abri zu einer wichtigen Referenzfundstelle f\u00fcr das Verst\u00e4ndnis menschlicher Lebensweisen am Ende der letzten Eiszeit und der fr\u00fchen Nacheiszeit in S\u00fcdwestdeutschland und in angrenzenden Gebieten. Das Fundmaterial beider Phasen wird detailliert analysiert, wobei neben der technotypologischen Analyse Schwerpunkte auf der Herausarbeitung von Landschaftsnutzungsmustern sowie einer Kontextualisierung der Fundschichten unter Ber\u00fccksichtigung zahlreicher Vergleichsfundstellen liegen. Besonderen Wert legt Thomas Hess bei seinen Ausf\u00fchrungen auf einen fundierten theoretischen und methodischen Rahmen, der auch Denksysteme rezenter Naturv\u00f6lker einbezieht, um die Ergebnisse seiner Analysen \u00fcber die Beschreibung rein funktionaler Aspekte von Steinartefakten hinauszuheben. Das Helga-Abri erh\u00e4lt durch die Arbeit von Thomas Hess den ihm angemessenen Stellenwert in der Fachwelt.\u201c<\/p>\n<p>Michael Bolus, Heidelberger Akademie der Wissenschaften, Forschungsstelle \u201eThe Role of Culture in Early Expansions of Humans\u201d an der Universit\u00e4t T\u00fcbingen<\/p>\n","protected":false},"excerpt":{"rendered":"<div class=\"entry-summary\">\n<span class=\"subtitle\">Lithische Technologie und Rohmaterialversorgung der sp\u00e4tmagdal\u00e9nienzeitlichen und fr\u00fchmesolithischen Gruppen<\/span><\/p>\n<p>Date of publication: April 2019<br \/>\n<strong>in German<\/strong>\n<\/div>\n","protected":false},"featured_media":228,"template":"","meta":{"_acf_changed":false},"product_brand":[],"product_cat":[119,110,60],"product_tag":[],"class_list":{"0":"post-243","1":"product","2":"type-product","3":"status-publish","4":"has-post-thumbnail","6":"product_cat-all-titles","7":"product_cat-german-books","8":"product_cat-tuebinger-monographien-zur-urgeschichte-en","10":"first","11":"instock","12":"taxable","13":"shipping-taxable","14":"purchasable","15":"product-type-simple","16":"entry"},"acf":[],"_links":{"self":[{"href":"https:\/\/kernsverlag.com\/en\/wp-json\/wp\/v2\/product\/243","targetHints":{"allow":["GET"]}}],"collection":[{"href":"https:\/\/kernsverlag.com\/en\/wp-json\/wp\/v2\/product"}],"about":[{"href":"https:\/\/kernsverlag.com\/en\/wp-json\/wp\/v2\/types\/product"}],"wp:featuredmedia":[{"embeddable":true,"href":"https:\/\/kernsverlag.com\/en\/wp-json\/wp\/v2\/media\/228"}],"wp:attachment":[{"href":"https:\/\/kernsverlag.com\/en\/wp-json\/wp\/v2\/media?parent=243"}],"wp:term":[{"taxonomy":"product_brand","embeddable":true,"href":"https:\/\/kernsverlag.com\/en\/wp-json\/wp\/v2\/product_brand?post=243"},{"taxonomy":"product_cat","embeddable":true,"href":"https:\/\/kernsverlag.com\/en\/wp-json\/wp\/v2\/product_cat?post=243"},{"taxonomy":"product_tag","embeddable":true,"href":"https:\/\/kernsverlag.com\/en\/wp-json\/wp\/v2\/product_tag?post=243"}],"curies":[{"name":"wp","href":"https:\/\/api.w.org\/{rel}","templated":true}]}}