{"id":240,"date":"2018-05-04T11:59:37","date_gmt":"2019-04-04T09:59:37","guid":{"rendered":"http:\/\/woocommerce.kernsverlag.com\/product\/steinartefakte\/"},"modified":"2019-08-07T15:32:38","modified_gmt":"2019-08-07T13:32:38","slug":"steinartefakte","status":"publish","type":"product","link":"https:\/\/kernsverlag.com\/en\/book\/steinartefakte\/","title":{"rendered":"Steinartefakte"},"content":{"rendered":"<p>Die Ver\u00f6ffentlichung \u00bbSteinartefakte \u2013 Vom Altpal\u00e4olithikum bis in die Neuzeit\u00ab ist die Nachfolgepublikation des T\u00fcbinger Buches \u00bbErkennen und Bestimmen von Stein- und Knochenartefakten, Einf\u00fchrung in die Artefaktmorphologie\u00ab von Joachim Hahn. Chronologisch wird ein Schwerpunkt auf die Steinzeiten gelegt, es werden aber auch j\u00fcngere Artefakte ber\u00fccksichtigt. In geographischer Hinsicht liegt ein deutliches Schwergewicht auf Europa, jedoch werden auch Aspekte zu Steinartefakten aus anderen Kontinenten thematisiert. In der Regel handelt es sich bei den behandelten Artefakten um Ger\u00e4tschaften des Alltags sowie um Teile von Jagdwaffen. Steinartefakte vermitteln ein erstaunlich lebendiges Zeugnis pr\u00e4historischer bis neuzeitlicher Menschen, und die Methoden ihrer Erforschung erweitern sich st\u00e4ndig. Es bleibt faszinierend, wie man aus noch so kleinen Feuersteinsplittern Schl\u00fcsselinformationen zum Verhalten des Menschen gewinnen kann. Aufgrund ihrer durchg\u00e4ngigen Pr\u00e4senz sind Steinartefakte sehr gut f\u00fcr vergleichende Analysen geeignet. Das Buch soll Studierenden wie Fachvertretern und allen an Steinartefakten Interessierten als n\u00fctzliches Nachschlagewerk dienen.<\/p>\n<h2>The authors<\/h2>\n<p>Volker Arnold, Wolfgang Bernhardt, Utz B\u00f6hner, Michael Bolus, Laurent Brou, Wolfgang Burkert, Nicholas J. Conard, Philipp Drechsler, Lutz Fiedler, Harald Floss, Jens A. Frick, Birgit Gehlen, Miriam No\u00ebl Haidle, S\u00f6nke Hartz, Martin Heinen, Heiko Hesse, Christiane H\u00f6ck, Jutta Hoffstadt, Olaf J\u00f6ris, Nicole Kegler-Graiewski, Petra Kieselbach, Claus-Joachim Kind, Thomas Laurat, Foni Le Brun-Ricalens, Jean-Marie Le Tensorer, Harald L\u00fcbke, Carsten Mischka, Clemens Pasda, J\u00fcrgen Richter, Rolf C. A. Rottl\u00e4nder, Armin Rudolph, Werner Schneider, Werner Sch\u00f6n, Gisela Schulte-Dornberg, Gesine Schwarz-Mackensen, Markus Siegeris, Jiri Svoboda, Thorsten Uthmeier, Stephan Veil, Mara-Julia Weber, Thomas Weber, J\u00fcrgen Weiner, Stefan Wenzel, Christoph Willms, Andreas Zimmermann.<\/p>\n","protected":false},"excerpt":{"rendered":"<div class=\"entry-summary\">\n<span class=\"subtitle\">Vom Altpal\u00e4olithikum bis in die Neuzeit<\/span><\/p>\n<p>Date of publication: May 2018 (3<sup>rd<\/sup>\u00a0Edition)<br \/>\n<strong>in German<\/strong>\n<\/div>\n","protected":false},"featured_media":239,"template":"","meta":{"_acf_changed":false},"product_brand":[],"product_cat":[119,110,122,59],"product_tag":[],"class_list":{"0":"post-240","1":"product","2":"type-product","3":"status-publish","4":"has-post-thumbnail","6":"product_cat-all-titles","7":"product_cat-german-books","8":"product_cat-noteworthy","9":"product_cat-tuebingen-publications-in-prehistory-en","11":"first","12":"instock","13":"taxable","14":"shipping-taxable","15":"purchasable","16":"product-type-simple","17":"entry"},"acf":[],"_links":{"self":[{"href":"https:\/\/kernsverlag.com\/en\/wp-json\/wp\/v2\/product\/240","targetHints":{"allow":["GET"]}}],"collection":[{"href":"https:\/\/kernsverlag.com\/en\/wp-json\/wp\/v2\/product"}],"about":[{"href":"https:\/\/kernsverlag.com\/en\/wp-json\/wp\/v2\/types\/product"}],"wp:featuredmedia":[{"embeddable":true,"href":"https:\/\/kernsverlag.com\/en\/wp-json\/wp\/v2\/media\/239"}],"wp:attachment":[{"href":"https:\/\/kernsverlag.com\/en\/wp-json\/wp\/v2\/media?parent=240"}],"wp:term":[{"taxonomy":"product_brand","embeddable":true,"href":"https:\/\/kernsverlag.com\/en\/wp-json\/wp\/v2\/product_brand?post=240"},{"taxonomy":"product_cat","embeddable":true,"href":"https:\/\/kernsverlag.com\/en\/wp-json\/wp\/v2\/product_cat?post=240"},{"taxonomy":"product_tag","embeddable":true,"href":"https:\/\/kernsverlag.com\/en\/wp-json\/wp\/v2\/product_tag?post=240"}],"curies":[{"name":"wp","href":"https:\/\/api.w.org\/{rel}","templated":true}]}}