{"id":305,"date":"2019-04-04T15:19:07","date_gmt":"2019-04-04T13:19:07","guid":{"rendered":"http:\/\/woocommerce.kernsverlag.com\/kontakt\/"},"modified":"2019-08-14T19:50:36","modified_gmt":"2019-08-14T17:50:36","slug":"contact","status":"publish","type":"page","link":"https:\/\/kernsverlag.com\/en\/contact\/","title":{"rendered":"Contact"},"content":{"rendered":"<h2>Kerns Verlag | Kerns Publishing<\/h2>\n<p>Diane Kerns<br \/>Publisher<\/p>\n<p>Postfach 210516<br \/>D-72028 T\u00fcbingen<\/p>\n<p>M\u00fcnzgasse 12<br \/>72070 T\u00fcbingen, Germany<\/p>\n<p><a href=\"mailto:info@kernsverlag.com\">info@kernsverlag.com<\/a><br \/><a href=\"mailto:orders@kernsverlag.com\">orders@kernsverlag.com<\/a><\/p>\n<p>tel: 49.(0)7071.367768<br \/>fax: 49.(0)7071.367641<\/p>\n","protected":false},"excerpt":{"rendered":"<div class=\"entry-summary\">\nKerns Verlag | Kerns Publishing Diane KernsPublisher Postfach 210516D-72028 T\u00fcbingen M\u00fcnzgasse 1272070 T\u00fcbingen, Germany info@kernsverlag.comorders@kernsverlag.com tel: 49.(0)7071.367768fax: 49.(0)7071.367641\n<\/div>\n<div class=\"link-more\"><a href=\"https:\/\/kernsverlag.com\/en\/contact\/\" class=\"more-link\">Continue reading<span class=\"screen-reader-text\"> &ldquo;Contact&rdquo;<\/span>&hellip;<\/a><\/div>\n","protected":false},"author":1,"featured_media":0,"parent":0,"menu_order":0,"comment_status":"closed","ping_status":"closed","template":"","meta":{"_acf_changed":false,"footnotes":""},"class_list":["post-305","page","type-page","status-publish","hentry","entry"],"acf":[],"_links":{"self":[{"href":"https:\/\/kernsverlag.com\/en\/wp-json\/wp\/v2\/pages\/305","targetHints":{"allow":["GET"]}}],"collection":[{"href":"https:\/\/kernsverlag.com\/en\/wp-json\/wp\/v2\/pages"}],"about":[{"href":"https:\/\/kernsverlag.com\/en\/wp-json\/wp\/v2\/types\/page"}],"author":[{"embeddable":true,"href":"https:\/\/kernsverlag.com\/en\/wp-json\/wp\/v2\/users\/1"}],"replies":[{"embeddable":true,"href":"https:\/\/kernsverlag.com\/en\/wp-json\/wp\/v2\/comments?post=305"}],"version-history":[{"count":1,"href":"https:\/\/kernsverlag.com\/en\/wp-json\/wp\/v2\/pages\/305\/revisions"}],"predecessor-version":[{"id":306,"href":"https:\/\/kernsverlag.com\/en\/wp-json\/wp\/v2\/pages\/305\/revisions\/306"}],"wp:attachment":[{"href":"https:\/\/kernsverlag.com\/en\/wp-json\/wp\/v2\/media?parent=305"}],"curies":[{"name":"wp","href":"https:\/\/api.w.org\/{rel}","templated":true}]}}