{"id":303,"date":"2019-04-04T15:19:07","date_gmt":"2019-04-04T13:19:07","guid":{"rendered":"http:\/\/woocommerce.kernsverlag.com\/impressum-2\/"},"modified":"2019-08-14T19:51:00","modified_gmt":"2019-08-14T17:51:00","slug":"imprint","status":"publish","type":"page","link":"https:\/\/kernsverlag.com\/en\/imprint\/","title":{"rendered":"Imprint"},"content":{"rendered":"<h2>Kerns Verlag T\u00fcbingen<\/h2>\n<p>Diane Kerns<br \/>\nPublisher<\/p>\n<p>Postfach 21 05 16<br \/>\nD-72028 T\u00fcbingen<\/p>\n<p>M\u00fcnzgasse 12<br \/>\nD-72070 T\u00fcbingen<br \/>\nGERMANY<\/p>\n<p>Tel +49 (0) 7071 367768<br \/>\nFax +49 (9) 7071 367641<\/p>\n<p>email: <a href=\"mailto:info@kernsverlag.com\">info@kernsverlag.com<\/a><\/p>\n<p>Ust.-ID-Nr.: DE 216 413 617<\/p>\n","protected":false},"excerpt":{"rendered":"<div class=\"entry-summary\">\nKerns Verlag T\u00fcbingen Diane Kerns Publisher Postfach 21 05 16 D-72028 T\u00fcbingen M\u00fcnzgasse 12 D-72070 T\u00fcbingen GERMANY Tel +49 (0) 7071 367768 Fax +49 (9) 7071 367641 email: info@kernsverlag.com Ust.-ID-Nr.: DE 216 413 617\n<\/div>\n<div class=\"link-more\"><a href=\"https:\/\/kernsverlag.com\/en\/imprint\/\" class=\"more-link\">Continue reading<span class=\"screen-reader-text\"> &ldquo;Imprint&rdquo;<\/span>&hellip;<\/a><\/div>\n","protected":false},"author":1,"featured_media":0,"parent":0,"menu_order":0,"comment_status":"closed","ping_status":"closed","template":"","meta":{"_acf_changed":false,"footnotes":""},"class_list":["post-303","page","type-page","status-publish","hentry","entry"],"acf":[],"_links":{"self":[{"href":"https:\/\/kernsverlag.com\/en\/wp-json\/wp\/v2\/pages\/303","targetHints":{"allow":["GET"]}}],"collection":[{"href":"https:\/\/kernsverlag.com\/en\/wp-json\/wp\/v2\/pages"}],"about":[{"href":"https:\/\/kernsverlag.com\/en\/wp-json\/wp\/v2\/types\/page"}],"author":[{"embeddable":true,"href":"https:\/\/kernsverlag.com\/en\/wp-json\/wp\/v2\/users\/1"}],"replies":[{"embeddable":true,"href":"https:\/\/kernsverlag.com\/en\/wp-json\/wp\/v2\/comments?post=303"}],"version-history":[{"count":2,"href":"https:\/\/kernsverlag.com\/en\/wp-json\/wp\/v2\/pages\/303\/revisions"}],"predecessor-version":[{"id":320,"href":"https:\/\/kernsverlag.com\/en\/wp-json\/wp\/v2\/pages\/303\/revisions\/320"}],"wp:attachment":[{"href":"https:\/\/kernsverlag.com\/en\/wp-json\/wp\/v2\/media?parent=303"}],"curies":[{"name":"wp","href":"https:\/\/api.w.org\/{rel}","templated":true}]}}