{"id":596,"date":"2019-08-12T14:36:51","date_gmt":"2019-08-12T12:36:51","guid":{"rendered":"http:\/\/woocommerce.kernsverlag.com\/?post_type=product&#038;p=596"},"modified":"2024-09-20T19:39:17","modified_gmt":"2024-09-20T17:39:17","slug":"zeichen","status":"publish","type":"product","link":"https:\/\/kernsverlag.com\/de\/buch\/zeichen\/","title":{"rendered":"Zeichen"},"content":{"rendered":"<p>In diesem Buch widmet sich die Autorin geometrischen Zeichen, die auf den \u00e4ltesten fig\u00fcrlichen Kunstwerken der Menschheit zu finden sind. Die Objekte stammen aus den H\u00f6hlen der Schw\u00e4bischen Alb und sind rund 40.000 Jahre alt. Eine Vorstellung des Fundmaterials, symboltheoretische \u00dcberlegungen zur Funktion abstrakter Motive in fr\u00fchen Gesellschaften, sowie ein bebilderter Katalog geben einen umfassenden Einblick in eine bedeutende Stufe menschlicher Kulturentwicklung.<\/p>\n","protected":false},"excerpt":{"rendered":"<div class=\"entry-summary\">\n<span class=\"subtitle\">Markierungen, Muster und Symbole im Schw\u00e4bischen Aurignacien<\/span><\/p>\n<p>Erscheinungsdatum: Dezember 2021<br \/>\n<strong>in deutscher Sprache<\/strong>\n<\/div>\n","protected":false},"featured_media":604,"template":"","meta":{"_acf_changed":false},"product_brand":[],"product_cat":[109,51],"product_tag":[],"class_list":{"0":"post-596","1":"product","2":"type-product","3":"status-publish","4":"has-post-thumbnail","6":"product_cat-deutsche-buecher","7":"product_cat-tuebinger-monographien-zur-urgeschichte","9":"first","10":"instock","11":"taxable","12":"shipping-taxable","13":"purchasable","14":"product-type-simple","15":"entry"},"acf":[],"_links":{"self":[{"href":"https:\/\/kernsverlag.com\/de\/wp-json\/wp\/v2\/product\/596","targetHints":{"allow":["GET"]}}],"collection":[{"href":"https:\/\/kernsverlag.com\/de\/wp-json\/wp\/v2\/product"}],"about":[{"href":"https:\/\/kernsverlag.com\/de\/wp-json\/wp\/v2\/types\/product"}],"wp:featuredmedia":[{"embeddable":true,"href":"https:\/\/kernsverlag.com\/de\/wp-json\/wp\/v2\/media\/604"}],"wp:attachment":[{"href":"https:\/\/kernsverlag.com\/de\/wp-json\/wp\/v2\/media?parent=596"}],"wp:term":[{"taxonomy":"product_brand","embeddable":true,"href":"https:\/\/kernsverlag.com\/de\/wp-json\/wp\/v2\/product_brand?post=596"},{"taxonomy":"product_cat","embeddable":true,"href":"https:\/\/kernsverlag.com\/de\/wp-json\/wp\/v2\/product_cat?post=596"},{"taxonomy":"product_tag","embeddable":true,"href":"https:\/\/kernsverlag.com\/de\/wp-json\/wp\/v2\/product_tag?post=596"}],"curies":[{"name":"wp","href":"https:\/\/api.w.org\/{rel}","templated":true}]}}