{"id":3584,"date":"2024-12-11T16:25:42","date_gmt":"2024-12-11T15:25:42","guid":{"rendered":"https:\/\/kernsverlag.com\/?post_type=product&#038;p=3584"},"modified":"2025-01-27T10:48:31","modified_gmt":"2025-01-27T09:48:31","slug":"mitteilungen-der-gesellschaft-fuer-urgeschichte-band-32","status":"publish","type":"product","link":"https:\/\/kernsverlag.com\/de\/buch\/mitteilungen-der-gesellschaft-fuer-urgeschichte-band-32\/","title":{"rendered":"Mitteilungen der Gesellschaft f\u00fcr Urgeschichte, Band 32"},"content":{"rendered":"<p>Die MGFU sind eine international anerkannte, frei zug\u00e4ngliche Zeitschrift f\u00fcr \u00c4ltere Urgeschichte, Quart\u00e4r\u00f6kologie und Menschliche Evolution mit Peer-Review-System, die der wissenschaftlichen Gemeinschaft und den 500 Mitgliedern der <a href=\"http:\/\/www.gfu-blaubeuren.de\/\">Gesellschaft f\u00fcr Urgeschichte<\/a> (GfU) seit 1994 zur Verf\u00fcgung steht. Die MGFU sind die f\u00fchrende europ\u00e4ische Zeitschrift f\u00fcr Pal\u00e4olithische Arch\u00e4ologie und pr\u00e4sentieren Untersuchungen zur weltweiten Urgeschichte. Dabei liegt ein Schwerpunkt auf der Vorlage laufender Forschungen in Mitteleuropa und der Unterst\u00fctzung der Arbeit des <a href=\"https:\/\/www.urmu.de\/\">Urgeschichtlichen Museums in Blaubeuren<\/a>. Die Zeitschrift ist ein Kooperationsprojekt zwischen der Universit\u00e4t T\u00fcbingen und dem Kerns Verlag.<\/p>\n<p><strong>\u00c4ltere Ausgaben:<\/strong> <a href=\"https:\/\/uni-tuebingen.de\/fakultaeten\/mathematisch-naturwissenschaftliche-fakultaet\/fachbereiche\/geowissenschaften\/arbeitsgruppen\/urgeschichte-naturwissenschaftliche-archaeologie\/ina\/aeltere-urgeschichte-quartaeroekologie\/publikationen\/gfu-mitteilungen\/\">Die MGfU Nr. 1-28 sind \u00fcber die Website der GFU erh\u00e4ltlich.<\/a><\/p>\n<p>Bitte richten sie alle Fragen an N. J. Conard, S. Wolf oder eines der Mitglieder des Wissenschaftlichen Beirats.<\/p>\n<h2>Schriftleitung<\/h2>\n<p><a href=\"https:\/\/uni-tuebingen.de\/fakultaeten\/mathematisch-naturwissenschaftliche-fakultaet\/fachbereiche\/geowissenschaften\/arbeitsgruppen\/urgeschichte-naturwissenschaftliche-archaeologie\/forschungsbereich\/aeltere-urgeschichte-quartaeroekologie\/mitarbeiter\/prof-nicholas-j-conard-phd\/\">Nicholas J. Conard<\/a><\/p>\n<h2>Wissenschaftliche Redaktion<\/h2>\n<p><a href=\"https:\/\/uni-tuebingen.de\/fakultaeten\/mathematisch-naturwissenschaftliche-fakultaet\/fachbereiche\/geowissenschaften\/arbeitsgruppen\/urgeschichte-naturwissenschaftliche-archaeologie\/ina\/aeltere-urgeschichte-quartaeroekologie\/mitarbeiter\/akademische-mitarbeiterinnen-und-mitarbeiter\/dr-sibylle-wolf\/\">Sibylle Wolf<\/a><\/p>\n<h2>Wissenschaftlicher Beirat<\/h2>\n<p>Shara Bailey (New York)<br \/>\nFran\u00e7ois Bon (Toulouse)<br \/>\nAriane Burke (Montreal)<br \/>\nKatja Douze (Geneva)<br \/>\nClive Gamble (London)<br \/>\nSabine Gaudzinski-\u00adWindheuser (Mainz)<br \/>\nKaterina Harvati (T\u00fcbingen)<br \/>\nJean-\u00adJacques Hublin (Leipzig)<br \/>\nRobert L. Kelly (Laramie, Wyoming)<br \/>\nJohannes Krause (Leipzig\/T\u00fcbingen)<br \/>\nSteven L. Kuhn (Tucson)<br \/>\nFoni Le Brun\u00ad-Ricalens (Luxemburg)<br \/>\nFeng Li (Beijing)<br \/>\nChristopher E. Miller (T\u00fcbingen)<br \/>\nPhilip Nigst (Vienna)<br \/>\nAkira Ono (Tokyo)<br \/>\nMarco Peresani (Ferrara)<br \/>\nGuillaume Porraz (Aix-\u00aden\u00ad-Provence)<br \/>\nJ\u00fcrgen Richter (K\u00f6ln)<br \/>\nSimone Riehl (T\u00fcbingen)<br \/>\nFlorent Rivals (Tarragona)<br \/>\nWil Roebroeks (Leiden)<br \/>\nVeerle Rots (Li\u00e8ge)<br \/>\nBritt M. Starkovich (T\u00fcbingen)<br \/>\nThorsten Uthmeier (Erlangen)<br \/>\nPawel Valde-\u00adNowak (Krakow)<br \/>\nLyn Wadley (Johannesburg)<\/p>\n","protected":false},"excerpt":{"rendered":"<div class=\"entry-summary\">\nErscheinungsdatum: 13. Dezember 2024<br \/>\n<strong>mit Beitr\u00e4gen in englisch und deutsch<\/strong>\n<\/div>\n","protected":false},"featured_media":3585,"template":"","meta":{"_acf_changed":false},"product_brand":[],"product_cat":[118,301,382,114,291,56],"product_tag":[],"class_list":{"0":"post-3584","1":"product","2":"type-product","3":"status-publish","4":"has-post-thumbnail","6":"product_cat-alle-titel","7":"product_cat-auf-der-startseite","8":"product_cat-mitteilungen-der-gesellschaft-fuer-urgeschichte","9":"product_cat-neuerscheinungen","10":"product_cat-open-access","11":"product_cat-tuebingen-publications-in-prehistory","13":"first","14":"instock","15":"taxable","16":"shipping-taxable","17":"purchasable","18":"product-type-variable","19":"has-default-attributes","20":"entry"},"acf":[],"_links":{"self":[{"href":"https:\/\/kernsverlag.com\/de\/wp-json\/wp\/v2\/product\/3584","targetHints":{"allow":["GET"]}}],"collection":[{"href":"https:\/\/kernsverlag.com\/de\/wp-json\/wp\/v2\/product"}],"about":[{"href":"https:\/\/kernsverlag.com\/de\/wp-json\/wp\/v2\/types\/product"}],"wp:featuredmedia":[{"embeddable":true,"href":"https:\/\/kernsverlag.com\/de\/wp-json\/wp\/v2\/media\/3585"}],"wp:attachment":[{"href":"https:\/\/kernsverlag.com\/de\/wp-json\/wp\/v2\/media?parent=3584"}],"wp:term":[{"taxonomy":"product_brand","embeddable":true,"href":"https:\/\/kernsverlag.com\/de\/wp-json\/wp\/v2\/product_brand?post=3584"},{"taxonomy":"product_cat","embeddable":true,"href":"https:\/\/kernsverlag.com\/de\/wp-json\/wp\/v2\/product_cat?post=3584"},{"taxonomy":"product_tag","embeddable":true,"href":"https:\/\/kernsverlag.com\/de\/wp-json\/wp\/v2\/product_tag?post=3584"}],"curies":[{"name":"wp","href":"https:\/\/api.w.org\/{rel}","templated":true}]}}