{"id":125,"date":"2015-04-04T11:59:37","date_gmt":"2015-04-04T09:59:37","guid":{"rendered":"http:\/\/woocommerce.kernsverlag.com\/product\/eiszeitarchaeologie-auf-der-schwaebischen-alb\/"},"modified":"2024-04-04T18:42:58","modified_gmt":"2024-04-04T16:42:58","slug":"eiszeitarchaeologie-auf-der-schwaebischen-alb","status":"publish","type":"product","link":"https:\/\/kernsverlag.com\/de\/buch\/eiszeitarchaeologie-auf-der-schwaebischen-alb\/","title":{"rendered":"Eiszeitarch\u00e4ologie auf der Schw\u00e4bischen Alb"},"content":{"rendered":"<p>Mit dem Lone- und dem Achtal auf der Schw\u00e4bischen Alb sowie ihrer Umgebung liegt eine einzigartige Fundlandschaft f\u00fcr die Eiszeitarch\u00e4ologie vor. Im vorliegenden Buch stellen vier T\u00fcbinger Forscherinnen und Forscher, die wesentlich zum Erkenntnisgewinn der letzten Jahre beigetragen haben, in allgemein verst\u00e4ndlicher Form die wichtigsten neuen Forschungs\u00adergebnisse zu den H\u00f6hlenfundpl\u00e4tzen sowohl f\u00fcr Fachleute und Studierende als auch f\u00fcr die breite \u00d6ffentlichkeit vor.<\/p>\n<p>\u201eSeit dem Beginn der Eiszeitarch\u00e4ologie in Mitteleuropa in den 1860er Jahren spielen die Forschungsgrabungen in den H\u00f6hlen der Schw\u00e4bischen Alb eine ma\u00dfgebende Rolle bei der Entwicklung dieses Faches. Mit der vorliegenden Ver\u00f6ffentlichung fassen wir die wesentlichen Forschungs-ergebnisse der letzten 150 Jahre zusammen und pr\u00e4sentieren den aktuellen Forschungsstand.\u201c \u2013 Die Autoren<\/p>\n","protected":false},"excerpt":{"rendered":"<div class=\"entry-summary\">\n<span class=\"subtitle\">Die Fundstellen im Ach- und Lonetal und in ihrer Umgebung<\/span><\/p>\n<p>Erscheinungsdatum: April 2015<br \/>\n<strong>in deutscher Sprache<\/strong><\/p>\n<p><strong>zur Zeit ausverkauft, 2. Auflage in Planung<\/strong>\n<\/div>\n","protected":false},"featured_media":241,"template":"","meta":{"_acf_changed":false},"product_brand":[],"product_cat":[118,109,116,56],"product_tag":[],"class_list":{"0":"post-125","1":"product","2":"type-product","3":"status-publish","4":"has-post-thumbnail","6":"product_cat-alle-titel","7":"product_cat-deutsche-buecher","8":"product_cat-nennenswert","9":"product_cat-tuebingen-publications-in-prehistory","11":"first","12":"instock","13":"taxable","14":"shipping-taxable","15":"product-type-simple","16":"entry"},"acf":[],"_links":{"self":[{"href":"https:\/\/kernsverlag.com\/de\/wp-json\/wp\/v2\/product\/125","targetHints":{"allow":["GET"]}}],"collection":[{"href":"https:\/\/kernsverlag.com\/de\/wp-json\/wp\/v2\/product"}],"about":[{"href":"https:\/\/kernsverlag.com\/de\/wp-json\/wp\/v2\/types\/product"}],"wp:featuredmedia":[{"embeddable":true,"href":"https:\/\/kernsverlag.com\/de\/wp-json\/wp\/v2\/media\/241"}],"wp:attachment":[{"href":"https:\/\/kernsverlag.com\/de\/wp-json\/wp\/v2\/media?parent=125"}],"wp:term":[{"taxonomy":"product_brand","embeddable":true,"href":"https:\/\/kernsverlag.com\/de\/wp-json\/wp\/v2\/product_brand?post=125"},{"taxonomy":"product_cat","embeddable":true,"href":"https:\/\/kernsverlag.com\/de\/wp-json\/wp\/v2\/product_cat?post=125"},{"taxonomy":"product_tag","embeddable":true,"href":"https:\/\/kernsverlag.com\/de\/wp-json\/wp\/v2\/product_tag?post=125"}],"curies":[{"name":"wp","href":"https:\/\/api.w.org\/{rel}","templated":true}]}}