{"id":123,"date":"2015-02-14T11:59:33","date_gmt":"2015-02-14T10:59:33","guid":{"rendered":"http:\/\/woocommerce.kernsverlag.com\/product\/schmuckstuecke\/"},"modified":"2019-08-07T12:53:46","modified_gmt":"2019-08-07T10:53:46","slug":"schmuckstuecke","status":"publish","type":"product","link":"https:\/\/kernsverlag.com\/de\/buch\/schmuckstuecke\/","title":{"rendered":"Schmuckst\u00fccke"},"content":{"rendered":"<p>\u201eMammutelfenbein z\u00e4hlt zu den faszinierendsten Werkstoffen des Eiszeitalters. Es wurde zur Herstellung von Ger\u00e4ten und Waffen aber auch f\u00fcr Kleinkunst und Schmuck verwendet. Umso erstaunlicher, dass die Arbeit von Sibylle Wolf die erste deutschsprachige Monographie ist, die sich diesem Thema widmet. Schmuck besitzt eine ganz besondere Aussagekraft in Bezug auf das Individuum, die Gruppenidentit\u00e4t sowie \u00fcberregionale Verbindungen. Die Schw\u00e4bische Alb hat hier in Menge und Vielfalt ein einzigartiges arch\u00e4ologisches Archiv hervorgebracht, das im europ\u00e4ischen und weltweiten Rahmen keinen Vergleich zu scheuen braucht. Sibylle Wolfs Buch ist ein Standardwerk mit gro\u00dfer Strahlkraft und stellt eine unverzichtbare Literatur zum Verst\u00e4ndnis des Verhaltens fr\u00fcher anatomisch moderner Menschen in Europa dar.\u201c<br \/>\n\u2013 Harald Floss, Universit\u00e4t T\u00fcbingen<\/p>\n","protected":false},"excerpt":{"rendered":"<div class=\"entry-summary\">\n<span class=\"subtitle\">Die Elfenbeinbearbeitung im Schw\u00e4bischen Aurignacien<\/span><\/p>\n<p>Erscheinungsdatum: Februar 2015<br \/>\n<strong>in deutscher und englischer Sprache<\/strong>\n<\/div>\n","protected":false},"featured_media":213,"template":"","meta":{"_acf_changed":false},"product_brand":[],"product_cat":[118,109,51],"product_tag":[],"class_list":{"0":"post-123","1":"product","2":"type-product","3":"status-publish","4":"has-post-thumbnail","6":"product_cat-alle-titel","7":"product_cat-deutsche-buecher","8":"product_cat-tuebinger-monographien-zur-urgeschichte","10":"first","11":"instock","12":"taxable","13":"shipping-taxable","14":"purchasable","15":"product-type-simple","16":"entry"},"acf":[],"_links":{"self":[{"href":"https:\/\/kernsverlag.com\/de\/wp-json\/wp\/v2\/product\/123","targetHints":{"allow":["GET"]}}],"collection":[{"href":"https:\/\/kernsverlag.com\/de\/wp-json\/wp\/v2\/product"}],"about":[{"href":"https:\/\/kernsverlag.com\/de\/wp-json\/wp\/v2\/types\/product"}],"wp:featuredmedia":[{"embeddable":true,"href":"https:\/\/kernsverlag.com\/de\/wp-json\/wp\/v2\/media\/213"}],"wp:attachment":[{"href":"https:\/\/kernsverlag.com\/de\/wp-json\/wp\/v2\/media?parent=123"}],"wp:term":[{"taxonomy":"product_brand","embeddable":true,"href":"https:\/\/kernsverlag.com\/de\/wp-json\/wp\/v2\/product_brand?post=123"},{"taxonomy":"product_cat","embeddable":true,"href":"https:\/\/kernsverlag.com\/de\/wp-json\/wp\/v2\/product_cat?post=123"},{"taxonomy":"product_tag","embeddable":true,"href":"https:\/\/kernsverlag.com\/de\/wp-json\/wp\/v2\/product_tag?post=123"}],"curies":[{"name":"wp","href":"https:\/\/api.w.org\/{rel}","templated":true}]}}