{"id":118,"date":"2019-04-04T11:59:33","date_gmt":"2019-04-04T09:59:33","guid":{"rendered":"http:\/\/woocommerce.kernsverlag.com\/product\/geissenkloesterle-2\/"},"modified":"2021-12-07T18:28:02","modified_gmt":"2021-12-07T17:28:02","slug":"geissenkloesterle-2","status":"publish","type":"product","link":"https:\/\/kernsverlag.com\/de\/buch\/geissenkloesterle-2\/","title":{"rendered":"Gei\u00dfenkl\u00f6sterle"},"content":{"rendered":"<p>Fragen zum Verschwinden der Neandertaler, zur Ankunft moderner Menschen in Europa, zur Entwicklung von Kunst, Musik und symbolischem Verhalten sowie weitere Schl\u00fcsselfragen der pal\u00e4olithischen Arch\u00e4ologie und menschlichen Evolution sind untrennbar mit der Fundstelle Gei\u00dfenkl\u00f6sterle im Achtal auf der Schw\u00e4bischen Alb verbunden.<\/p>\n<p>Das vorliegende Buch bietet ein breites Spektrum an Ergebnissen der naturwissenschaftlichen Arch\u00e4ologie mit Schwerpunkten auf Themen der Geoarch\u00e4ologie, Datierung, Pal\u00e4o\u00f6kologie, und menschlichen Subsistenz sowie zahlreicher anderer Gebiete. Besonderen Raum nimmt dabei die Vorlage der umfangreichen arch\u00e4ozoologischen Untersuchungen ein, die damit der internationalen Forschung zug\u00e4nglich werden.<\/p>\n","protected":false},"excerpt":{"rendered":"<div class=\"entry-summary\">\n<span class=\"subtitle\">Chronostratigraphie, Pal\u00e4oumwelt und Subsistenz im Mittel- und Jungpal\u00e4olithikum der Schw\u00e4bischen Alb<\/span><\/p>\n<p>Erscheinungsdatum: April 2019<br \/>\n<strong>in deutscher und englischer Sprache<\/strong>\n<\/div>\n","protected":false},"featured_media":231,"template":"","meta":{"_acf_changed":false},"product_brand":[],"product_cat":[118,109,51],"product_tag":[],"class_list":{"0":"post-118","1":"product","2":"type-product","3":"status-publish","4":"has-post-thumbnail","6":"product_cat-alle-titel","7":"product_cat-deutsche-buecher","8":"product_cat-tuebinger-monographien-zur-urgeschichte","10":"first","11":"instock","12":"taxable","13":"shipping-taxable","14":"purchasable","15":"product-type-simple","16":"entry"},"acf":[],"_links":{"self":[{"href":"https:\/\/kernsverlag.com\/de\/wp-json\/wp\/v2\/product\/118","targetHints":{"allow":["GET"]}}],"collection":[{"href":"https:\/\/kernsverlag.com\/de\/wp-json\/wp\/v2\/product"}],"about":[{"href":"https:\/\/kernsverlag.com\/de\/wp-json\/wp\/v2\/types\/product"}],"wp:featuredmedia":[{"embeddable":true,"href":"https:\/\/kernsverlag.com\/de\/wp-json\/wp\/v2\/media\/231"}],"wp:attachment":[{"href":"https:\/\/kernsverlag.com\/de\/wp-json\/wp\/v2\/media?parent=118"}],"wp:term":[{"taxonomy":"product_brand","embeddable":true,"href":"https:\/\/kernsverlag.com\/de\/wp-json\/wp\/v2\/product_brand?post=118"},{"taxonomy":"product_cat","embeddable":true,"href":"https:\/\/kernsverlag.com\/de\/wp-json\/wp\/v2\/product_cat?post=118"},{"taxonomy":"product_tag","embeddable":true,"href":"https:\/\/kernsverlag.com\/de\/wp-json\/wp\/v2\/product_tag?post=118"}],"curies":[{"name":"wp","href":"https:\/\/api.w.org\/{rel}","templated":true}]}}