{"id":117,"date":"2011-07-04T11:59:33","date_gmt":"2011-07-04T09:59:33","guid":{"rendered":"http:\/\/woocommerce.kernsverlag.com\/product\/eine-diluviale-nagetierschicht-und-ihre-bedeutung-fuer-die-klimafrage\/"},"modified":"2019-08-07T11:12:35","modified_gmt":"2019-08-07T09:12:35","slug":"eine-diluviale-nagetierschicht-und-ihre-bedeutung-fuer-die-klimafrage","status":"publish","type":"product","link":"https:\/\/kernsverlag.com\/de\/buch\/eine-diluviale-nagetierschicht-und-ihre-bedeutung-fuer-die-klimafrage\/","title":{"rendered":"Eine diluviale Nagetierschicht und ihre Bedeutung f\u00fcr die Klimafrage"},"content":{"rendered":"<blockquote><p>Alle Kenner der \u00e4lteren Urgeschichte S\u00fcdwestdeutschlands sind mit dem Namen Elsbeth Soergel und ihrer Ausgrabung vom Mai 1923 an der Kleinen Scheuer zwischen der B\u00e4renh\u00f6hle und dem Stadel am Hohlenstein im Lonetal vertraut. Der Bekanntheitsgrad dieser Grabung ist erstaunlich, wenn man bedenkt, dass die Ausgr\u00e4berin, soweit wir wissen, zu ihren Lebzeiten gar nichts \u00fcber diesen Fundplatz publizierte. Dieser bemerkenswerte Umstand wird jetzt, 88 Jahre nach der Gel\u00e4ndearbeit, mit der Drucklegung ihres Manuskripts von 1924 korrigiert.<\/p><\/blockquote>\n<p>\u2013 Nicholas J. Conard, Herausgeber<\/p>\n<p>Ein Manuskript mit diesem Titel wird im staatlichen Museum f\u00fcr Naturkunde in Stuttgart aufbewahrt, versehen mit der Aufschrift \u201eDas lang vermisste Manuskript Soergel zur kleinen Scheuer\u201c. Dieses Manuskript entstand im Jahr 1924, seine Autorin ist Elsbeth Rieth, damals Studentin der Medizin an der Universit\u00e4t T\u00fcbingen, meine Mutter. Ihr Name erscheint allerdings an keiner Stelle des Manuskripts. Mit der jetzt vorgelegten Ver\u00f6ffentlichung wird ihre Arbeit zum ersten Mal einem breiteren Kreis zug\u00e4nglich gemacht.<\/p>\n<p>Elsbeth Rieth beschreibt hier eine Grabung an der Nagetierschicht bei der so genannten kleinen Scheuer am Hohlenstein im Lonetal, die sie im Mai 1923 auf Anregung von Wolfgang Soergel und mit seiner Unterst\u00fctzung durchf\u00fchrte und die sorgf\u00e4ltige Bearbeitung des dabei gewonnenen fossilen Materials mit der sie u.a. die schon fr\u00fcher vermutete Ver\u00e4nderung der Nagetierfauna beim \u00dcbergang von der letzten Eiszeit zur Warmzeit deutlich zeigen konnte.<\/p>\n<p>Das Manuskript hat sie wohl im Sommer 1924, im Alter von 21 Jahren, geschrieben, bevor sie T\u00fcbingen verlie\u00df um ihr Medizinstudium in Berlin fortzusetzen. Nach ihren Erz\u00e4hlungen \u00fcbergab sie ihr einziges, handgeschriebenes Exemplar dem T\u00fcbinger Anatomen Robert Wetzel, der sich ebenfalls f\u00fcr die Grabungsaktivit\u00e4ten im Lonetal interessierte, zur Durchsicht. Trotz ihrer Nachfragen hat sie es von ihm nicht mehr zur\u00fcckerhalten mit der Begr\u00fcndung, er k\u00f6nne es nicht mehr finden. Von Berlin und ihren sp\u00e4teren Stationen aus war es ihr wohl nicht m\u00f6glich ein neues Manuskript anzufertigen, und so gab sie ihre Arbeit verloren. Merkw\u00fcrdigerweise hatte Wetzel im Jahr 1961 noch Zugang zu dem Manuskript, wie man seinem Aufsatz \u201eDer Hohle Stein im Lonetal\u201c entnehmen kann, der meiner Mutter nicht zur Kenntnis kam&#8230; Auch andere Erw\u00e4hnungen zeigen, dass die Grabung und wichtige Ergebnisse der Arbeit meiner Mutter in Fachkreisen bekannt waren&#8230;<\/p>\n<p>\u2013 Volker Soergel, von seinem Vorwort<\/p>\n","protected":false},"excerpt":{"rendered":"<div class=\"entry-summary\">\nErscheinungsdatum: Juli 2011 (verfasst 1924)<br \/>\n<strong>in deutscher Sprache<\/strong>\n<\/div>\n","protected":false},"featured_media":191,"template":"","meta":{"_acf_changed":false},"product_brand":[],"product_cat":[118,109,51],"product_tag":[],"class_list":{"0":"post-117","1":"product","2":"type-product","3":"status-publish","4":"has-post-thumbnail","6":"product_cat-alle-titel","7":"product_cat-deutsche-buecher","8":"product_cat-tuebinger-monographien-zur-urgeschichte","10":"first","11":"instock","12":"taxable","13":"shipping-taxable","14":"purchasable","15":"product-type-simple","16":"entry"},"acf":[],"_links":{"self":[{"href":"https:\/\/kernsverlag.com\/de\/wp-json\/wp\/v2\/product\/117","targetHints":{"allow":["GET"]}}],"collection":[{"href":"https:\/\/kernsverlag.com\/de\/wp-json\/wp\/v2\/product"}],"about":[{"href":"https:\/\/kernsverlag.com\/de\/wp-json\/wp\/v2\/types\/product"}],"wp:featuredmedia":[{"embeddable":true,"href":"https:\/\/kernsverlag.com\/de\/wp-json\/wp\/v2\/media\/191"}],"wp:attachment":[{"href":"https:\/\/kernsverlag.com\/de\/wp-json\/wp\/v2\/media?parent=117"}],"wp:term":[{"taxonomy":"product_brand","embeddable":true,"href":"https:\/\/kernsverlag.com\/de\/wp-json\/wp\/v2\/product_brand?post=117"},{"taxonomy":"product_cat","embeddable":true,"href":"https:\/\/kernsverlag.com\/de\/wp-json\/wp\/v2\/product_cat?post=117"},{"taxonomy":"product_tag","embeddable":true,"href":"https:\/\/kernsverlag.com\/de\/wp-json\/wp\/v2\/product_tag?post=117"}],"curies":[{"name":"wp","href":"https:\/\/api.w.org\/{rel}","templated":true}]}}