{"id":116,"date":"2011-06-04T11:59:33","date_gmt":"2011-06-04T09:59:33","guid":{"rendered":"http:\/\/woocommerce.kernsverlag.com\/product\/between-sand-and-sea\/"},"modified":"2019-08-07T10:29:16","modified_gmt":"2019-08-07T08:29:16","slug":"between-sand-and-sea","status":"publish","type":"product","link":"https:\/\/kernsverlag.com\/de\/buch\/between-sand-and-sea\/","title":{"rendered":"Between Sand and Sea"},"content":{"rendered":"<p><img loading=\"lazy\" decoding=\"async\" class=\"size-full wp-image-197 alignright\" src=\"https:\/\/kernsverlag.com\/wp-content\/uploads\/2019\/04\/hanspeterweb.jpeg\" alt=\"Hans-Peter Uerpmann\" width=\"208\" height=\"177\" \/>Hans-Peter Uerpmanns Arbeiten haben gro\u00dfen Anteil an der Formung der Forschungsfelder der Arch\u00e4ozoologie sowie der Arch\u00e4ologie des Nahen Ostens und Arabiens. In vielerlei Hinsicht definierten seine Forschung und Lehre die Methoden und Ziele der Arch\u00e4ozoologie und der Arch\u00e4ologie Arabiens.<\/p>\n<p>Der vorliegende Band beinhaltet vierzehn Beitr\u00e4ge verschiedener internationaler Wissenschaftler zur Tagung \u201eArchaeology and Human Ecology in Southwestern Asia\u201c, die am 31. Oktober und am 1. November 2006 im F\u00fcrstenzimmer des Schlosses Hohent\u00fcbingen anl\u00e4sslich Hans-Peter Uerpmanns 65. Geburtstag stattfand.<\/p>\n<p>Die Artikel ber\u00fchren viele Aspekte Hans-Peters Arbeit, die oftmals in unbewohnten Regionen zwischen W\u00fcste, Sand und Meer in S\u00fcdwestasien stattfand. Wir hoffen, mit dem Band viele Lesern aus der Arch\u00e4ozoologie und der Arch\u00e4ologie im Allgemeinen anzusprechen.<\/p>\n","protected":false},"excerpt":{"rendered":"<div class=\"entry-summary\">\nThe Archaeology and Human Ecology of Southwestern Asia<\/p>\n<p>Festschrift zu Ehren von Hans-Peter Uerpmann<br \/>\nErscheinungsdatum: Juni 2011<br \/>\n<strong>in englischer Sprache<\/strong>\n<\/div>\n","protected":false},"featured_media":189,"template":"","meta":{"_acf_changed":false},"product_brand":[],"product_cat":[118,108,56],"product_tag":[],"class_list":{"0":"post-116","1":"product","2":"type-product","3":"status-publish","4":"has-post-thumbnail","6":"product_cat-alle-titel","7":"product_cat-englische-buecher","8":"product_cat-tuebingen-publications-in-prehistory","10":"first","11":"instock","12":"taxable","13":"shipping-taxable","14":"purchasable","15":"product-type-simple","16":"entry"},"acf":[],"_links":{"self":[{"href":"https:\/\/kernsverlag.com\/de\/wp-json\/wp\/v2\/product\/116","targetHints":{"allow":["GET"]}}],"collection":[{"href":"https:\/\/kernsverlag.com\/de\/wp-json\/wp\/v2\/product"}],"about":[{"href":"https:\/\/kernsverlag.com\/de\/wp-json\/wp\/v2\/types\/product"}],"wp:featuredmedia":[{"embeddable":true,"href":"https:\/\/kernsverlag.com\/de\/wp-json\/wp\/v2\/media\/189"}],"wp:attachment":[{"href":"https:\/\/kernsverlag.com\/de\/wp-json\/wp\/v2\/media?parent=116"}],"wp:term":[{"taxonomy":"product_brand","embeddable":true,"href":"https:\/\/kernsverlag.com\/de\/wp-json\/wp\/v2\/product_brand?post=116"},{"taxonomy":"product_cat","embeddable":true,"href":"https:\/\/kernsverlag.com\/de\/wp-json\/wp\/v2\/product_cat?post=116"},{"taxonomy":"product_tag","embeddable":true,"href":"https:\/\/kernsverlag.com\/de\/wp-json\/wp\/v2\/product_tag?post=116"}],"curies":[{"name":"wp","href":"https:\/\/api.w.org\/{rel}","templated":true}]}}