{"id":114,"date":"2010-08-04T11:59:33","date_gmt":"2010-08-04T09:59:33","guid":{"rendered":"http:\/\/woocommerce.kernsverlag.com\/product\/settlement-dynamics-of-the-middle-paleolithic-and-middle-stone-age-volume-iii\/"},"modified":"2019-08-07T10:44:13","modified_gmt":"2019-08-07T08:44:13","slug":"settlement-dynamics-of-the-middle-paleolithic-and-middle-stone-age-volume-iii","status":"publish","type":"product","link":"https:\/\/kernsverlag.com\/de\/buch\/settlement-dynamics-of-the-middle-paleolithic-and-middle-stone-age-volume-iii\/","title":{"rendered":"Settlement Dynamics of the Middle Paleolithic and Middle Stone Age, Volume III"},"content":{"rendered":"<p><a href=\"https:\/\/kernsverlag.com\/wp-content\/uploads\/2019\/04\/SDIIItoc_0.pdf\">Inhaltsverzeichnis als PDF (englisch)<\/a><\/p>\n<p>In diesem Band werden die Ergebnisse des vierten Treffens der &#8222;Commission 27 of the UISPP&#8220; zum Thema &#8222;Settlement Dynamics of the Middle Paleolithic and the Middle Stone Age&#8220; wiedergegeben. Die 22 Artikel dieses Bandes, die sowohl in englischer als auch franz\u00f6sischer Sprache publiziert sind, sowie viele weitere Artikel fr\u00fcherer B\u00e4nde dieser Reihe, befassen sich haupts\u00e4chlich mit der Periode der menschlichen Evolution im Zeitraum zwischen 300.000 und 30.000 Jahren vor heute.<\/p>\n<h2>Die Autorinnen\/Autoren<\/h2>\n<p>Pierre Antoine (Meudon), Nuno Ferreira Bicho (Faro), Michael Bisson (Montreal), Paolo Boscato (Siena), Nicolas Boulbes (Montpellier), Michel Brenet (Bordeaux), Knut Bretzke (T\u00fcbingen), Ariane Burke (Montreal), Joel Casanova (Bellaterra), Victor P. Chabai (Simferopol), Laurent Chiotti (Paris), Nicholas J. Conard (T\u00fcbingen), Jacopo Crezzini (Siena), Ignacio de la Torre (London), Anne Delagnes (Bordeaux), Pascal Depaepe (Paris), Harold L. Dibble (Philadelphia), Holger Dietl (Cologne), K\u00e9vin Di Modica (Sclayn-Andenne), Jehanne F\u00e9blot-Augustins (Paris), Mila Folgado (Bordeaux), Margherita Freguglia (Siena), Paolo Gambassini (Siena), Louis Gilbert (Montreal), \u00c9milie Goval (Villeneuve d\u2018Ascq), Sophie Gregoire (Tautavel), Thomas Hauck (Basel), Andrew W. Kandel (T\u00fcbingen), Frederic Lebegue (Perpignan), Jean-Marie Le Tensorer (Basel), Jean-Luc Locht (Amiens), Mohamed Masri (Damascus), Shannon P. McPherron (Leipzig), Lilianne Meignen (Valbonne), Jorge Mart\u00ednez-Moreno (Bellaterra), Anne-Marie Moigne (Paris), Rafael Mora (Bellaterra), Hannes Napierala (T\u00fcbingen), Deborah I. Olszewski (Philadelphia), Seong-Jin Park (South Korea), Guillaume Porraz (Paris), Filomena Ranaldo (Siena), Annamaria Ronchitelli (Siena), Carla Parslow (Ontario), Utsav Schurmans (Philadelphia), Val\u00e9ry Sitlivy (Brussels), Jennifer R. Smith (St. Louis), Krzysztof Sobczyk (Cracow), Jessica C. Thompson (Brisbane), Christian A. Tryon (New York), Thorsten Uthmeier (Cologne), Fabio Wegm\u00fcller (Basel), Luc Wengler (Perpignan), Dorota Wojtczak (Basel), Patrick J. Wrinn (Tucson), Aleksandra Zieba (Cracow)<\/p>\n","protected":false},"excerpt":{"rendered":"<div class=\"entry-summary\">\nErscheinungsdatum: 2010<br \/>\n<strong>mit Beitr\u00e4gen in englischer und franz\u00f6sischer Sprache<\/strong>\n<\/div>\n","protected":false},"featured_media":193,"template":"","meta":{"_acf_changed":false},"product_brand":[],"product_cat":[118,108,124,56],"product_tag":[],"class_list":{"0":"post-114","1":"product","2":"type-product","3":"status-publish","4":"has-post-thumbnail","6":"product_cat-alle-titel","7":"product_cat-englische-buecher","8":"product_cat-settlement-dynamics","9":"product_cat-tuebingen-publications-in-prehistory","11":"first","12":"instock","13":"taxable","14":"shipping-taxable","15":"purchasable","16":"product-type-simple","17":"entry"},"acf":[],"_links":{"self":[{"href":"https:\/\/kernsverlag.com\/de\/wp-json\/wp\/v2\/product\/114","targetHints":{"allow":["GET"]}}],"collection":[{"href":"https:\/\/kernsverlag.com\/de\/wp-json\/wp\/v2\/product"}],"about":[{"href":"https:\/\/kernsverlag.com\/de\/wp-json\/wp\/v2\/types\/product"}],"wp:featuredmedia":[{"embeddable":true,"href":"https:\/\/kernsverlag.com\/de\/wp-json\/wp\/v2\/media\/193"}],"wp:attachment":[{"href":"https:\/\/kernsverlag.com\/de\/wp-json\/wp\/v2\/media?parent=114"}],"wp:term":[{"taxonomy":"product_brand","embeddable":true,"href":"https:\/\/kernsverlag.com\/de\/wp-json\/wp\/v2\/product_brand?post=114"},{"taxonomy":"product_cat","embeddable":true,"href":"https:\/\/kernsverlag.com\/de\/wp-json\/wp\/v2\/product_cat?post=114"},{"taxonomy":"product_tag","embeddable":true,"href":"https:\/\/kernsverlag.com\/de\/wp-json\/wp\/v2\/product_tag?post=114"}],"curies":[{"name":"wp","href":"https:\/\/api.w.org\/{rel}","templated":true}]}}