{"id":112,"date":"2006-07-04T11:59:33","date_gmt":"2006-07-04T09:59:33","guid":{"rendered":"http:\/\/woocommerce.kernsverlag.com\/product\/tuebingen-damascus-excavation-and-survey-project\/"},"modified":"2019-08-07T12:34:18","modified_gmt":"2019-08-07T10:34:18","slug":"tuebingen-damascus-excavation-and-survey-project","status":"publish","type":"product","link":"https:\/\/kernsverlag.com\/de\/buch\/tuebingen-damascus-excavation-and-survey-project\/","title":{"rendered":"T\u00fcbingen-Damascus Excavation and Survey Project"},"content":{"rendered":"<p>Der vorliegende Band fa\u00dft die Forschungsarbeiten zur Steinzeit der Universit\u00e4t T\u00fcbingen und des syrischen Instituts f\u00fcr Altertumsforschung der Jahre 1995-2005 in der Provinz Damaskus in Syrien zusammen. Das Buch enth\u00e4lt Informationen \u00fcber 400 neu entdeckte pal\u00e4olithische Fundstellen sowie die Ergebnisse der Ausgrabungen in Baaz Rockshelter und Kaus Kozah Cave.<\/p>\n<h2>Rezension<\/h2>\n<blockquote><p>\u2026 this is a volume for the regional specialist. The multi-year study furnishes new, important information, especially for Early Neolithic, Late Epipaleolithic, and Middle Paleolithic intervals.<\/p><\/blockquote>\n<p>&#8211; Donald O. Henry, <a href=\"http:\/\/www.unm.edu\/~jar\/\">Journal of Anthropological Research<\/a> (2008)<\/p>\n","protected":false},"excerpt":{"rendered":"<div class=\"entry-summary\">\nErscheinungsdatum: 2006<br \/>\n<strong>in englischer und arabischer Sprache<\/strong>\n<\/div>\n","protected":false},"featured_media":171,"template":"","meta":{"_acf_changed":false},"product_brand":[],"product_cat":[118,108,56],"product_tag":[],"class_list":{"0":"post-112","1":"product","2":"type-product","3":"status-publish","4":"has-post-thumbnail","6":"product_cat-alle-titel","7":"product_cat-englische-buecher","8":"product_cat-tuebingen-publications-in-prehistory","10":"first","11":"instock","12":"taxable","13":"shipping-taxable","14":"purchasable","15":"product-type-simple","16":"entry"},"acf":[],"_links":{"self":[{"href":"https:\/\/kernsverlag.com\/de\/wp-json\/wp\/v2\/product\/112","targetHints":{"allow":["GET"]}}],"collection":[{"href":"https:\/\/kernsverlag.com\/de\/wp-json\/wp\/v2\/product"}],"about":[{"href":"https:\/\/kernsverlag.com\/de\/wp-json\/wp\/v2\/types\/product"}],"wp:featuredmedia":[{"embeddable":true,"href":"https:\/\/kernsverlag.com\/de\/wp-json\/wp\/v2\/media\/171"}],"wp:attachment":[{"href":"https:\/\/kernsverlag.com\/de\/wp-json\/wp\/v2\/media?parent=112"}],"wp:term":[{"taxonomy":"product_brand","embeddable":true,"href":"https:\/\/kernsverlag.com\/de\/wp-json\/wp\/v2\/product_brand?post=112"},{"taxonomy":"product_cat","embeddable":true,"href":"https:\/\/kernsverlag.com\/de\/wp-json\/wp\/v2\/product_cat?post=112"},{"taxonomy":"product_tag","embeddable":true,"href":"https:\/\/kernsverlag.com\/de\/wp-json\/wp\/v2\/product_tag?post=112"}],"curies":[{"name":"wp","href":"https:\/\/api.w.org\/{rel}","templated":true}]}}