{"id":107,"date":"2005-11-04T11:59:33","date_gmt":"2005-11-04T10:59:33","guid":{"rendered":"http:\/\/woocommerce.kernsverlag.com\/product\/distorting-the-past\/"},"modified":"2019-08-07T12:50:16","modified_gmt":"2019-08-07T10:50:16","slug":"distorting-the-past","status":"publish","type":"product","link":"https:\/\/kernsverlag.com\/de\/buch\/distorting-the-past\/","title":{"rendered":"Distorting the Past"},"content":{"rendered":"<p><a style=\"outline-width: 0px !important; user-select: auto !important;\" href=\"https:\/\/kernsverlag.com\/wp-content\/uploads\/2019\/04\/Owencontents.pdf\">Inhaltsverzeichnis als PDF (englisch)<\/a><\/p>\n<p>Linda R. Owen betritt mit \u201eDistorting the Past\u201c v\u00f6lliges Neuland. Das Buch schafft, was andere B\u00fccher nur selten erreichen: Es berichtigt falsche Vorstellungen. Die Autorin erschafft eine urgeschichtliche Welt, die nicht ausschlie\u00dflich von feuersteinschlagenden M\u00e4nnern besiedelt ist, die Mammuts, Pferde und Ren t\u00f6ten. Gleichzeitig begeht sie aber auch nicht den Fehler eine gegens\u00e4tzlich diktierte pal\u00e4olithische Traumwelt zu kreieren, die von matriarchaler Dominanz gezeichnet ist. Stattdessen zeigt Owen, ohne von ihren Quellen abzuweichen, dass die Vergangenheit von verschiedensten Menschen bewohnt war, die auf bestimmte Umst\u00e4nde und Probleme in mannigfaltiger Art und Weise reagierten. In diesen Szenarien konnten Frauen manchmal J\u00e4ger, Fischer, Handwerker, Sammler, Schamanen, Ausbilder, Schwestern, M\u00fctter und Gro\u00dfm\u00fctter sein. In einer solchen, ausgewogeneren Auffassung von J\u00e4ger- und Sammlergesellschaften waren auch M\u00e4nner und Kinder zentrale Figuren. Durch diese Sicht k\u00f6nnen wir zu verstehen beginnen, dass das pal\u00e4olithische Leben, welches Generationen von Wisschenschaftlern erschaffen haben, nicht l\u00e4nger als einzige Sichtweise gelten kann.<\/p>\n<p>\u2013 Nicholas J. Conard, Herausgeber der Reihe<\/p>\n<p>This volume analyzes the possibilities of applying the concept of gender, the social construct of sex, to the Upper Paleolithic of Europe. Special emphasis is placed on the division of labor, specifically the procurement of food and raw materials and the manufacture and use of implements, as I believe that these topics can be investigated successfully within the limits of the archeological record.<\/p>\n<p>\u2013 Linda Owen, Author<\/p>\n<h2>Rezensionen<\/h2>\n<blockquote><p>\u2026 I believe Distorting the Past will be of great importance not only for Paleolithic scholars and researchers, but also for those working on ethnography and in the field of cultural anthropology in general\u2026<\/p><\/blockquote>\n<p>\u2013 Marta Camps, <a href=\"http:\/\/www.paleoanthro.org\/\">Paleoanthropology<\/a> 2008: 91-92.<\/p>\n<blockquote><p>Owen&#8217;s experimentally-based study of the German Magdalenian is designed \u2026 to draw out the role of female individuals from the dogmatic picture of male hunters she believes still underpins our attitude to Upper Palaeolithic archaeology.<br \/>\n\u2026 we should &#8218;unbias&#8216; our reconstructions and consider both the role of women and the use of material culture for non traditional tasks\u2026<br \/>\n\u2026 the strength of Owen&#8217;s work is to reorient our interpretative biases and recognise the Magdalenian as the broad-spectrum and culturally complex adaptation it was.<\/p><\/blockquote>\n<p>\u2013 Paul Pettitt, <a href=\"http:\/\/antiquity.ac.uk\/\">Antiquity<\/a> 81 (2007): 1083-108<\/p>\n<blockquote><p>\u2026 she [Owen] describes subtle evidence of gender bias in the views of both male and female anthropologists\u2026<br \/>\n\u2026 Owen tires her best to refute the longstanding downplaying of plant, fish, and small mammals\u2026 This section is a trove of information mined by the author from the primary sources\u2014down to the use of bird and fish skins in clothing. Every prehistorian should read this substantial section to refresch his\/her notions about resouircefulness of forager men and women living under some of the toughest conditions.<br \/>\n\u2026 The book concludes with a scathing (but always calmly empirical) refutation of the increasingly popular notion that men&#8217;s and women&#8217;s brains are &#8222;hard-wired&#8220; differently.<br \/>\n\u2026 This is no rabid feminist tract, but a careful, empirically based, soberly written, serious account of how the record has been badly distorted\u2014however unconsciously\u2014by generations of archaeologists up to the late twentieth century.<\/p><\/blockquote>\n<p>\u2013 Lawrence G. Straus, <a href=\"http:\/\/www.unm.edu\/~jar\/\">Journal of Anthropological Research<\/a> (2006)<\/p>\n<blockquote><p>Die Verfasserin vertritt die These, dass die notorische \u00dcberbewertung des Anteils der M\u00e4nner bzw. Unterbewertung des Anteils der Frauen an der Subsistenzsicherung \u00fcber ethnographische Analogien in das arch\u00e4ologische Denken gelangt sei und bereits die ethnographischen Studien einen gro\u00dfen Gender-Bias aufweisen.<br \/>\nDas &#8222;urgeschichtliche Geschlechtermodell&#8220; erf\u00fcllt eine gesellschaftliche Funktion, die es zu reflektiern gilt \u2013 und diese Reflektion wird im vorliegenden Buch angesto\u00dfen. Neben den wissenschaftlich anregenden Ergebnissen ist es dieser Punkt, der das Buch so lesenswert macht.<\/p><\/blockquote>\n<p>\u2013 Brigitte R\u00f6der, <a href=\"http:\/\/ufg.geschichte.hu-berlin.de\/site\/lang__de\/4170\/default.aspx\">Ethnographisch-Arch\u00e4ologische Zeitschrift<\/a> (2005)<\/p>\n","protected":false},"excerpt":{"rendered":"<div class=\"entry-summary\">\n<span class=\"subtitle\">Gender and the Division of Labor in the European Upper Paleolithic<\/span><\/p>\n<p>Erscheinungsdatum: November 2005<br \/>\n<strong>in englischer Sprache<\/strong>\n<\/div>\n","protected":false},"featured_media":177,"template":"","meta":{"_acf_changed":false},"product_brand":[],"product_cat":[118,108,56],"product_tag":[],"class_list":{"0":"post-107","1":"product","2":"type-product","3":"status-publish","4":"has-post-thumbnail","6":"product_cat-alle-titel","7":"product_cat-englische-buecher","8":"product_cat-tuebingen-publications-in-prehistory","10":"first","11":"instock","12":"taxable","13":"shipping-taxable","14":"purchasable","15":"product-type-simple","16":"entry"},"acf":[],"_links":{"self":[{"href":"https:\/\/kernsverlag.com\/de\/wp-json\/wp\/v2\/product\/107","targetHints":{"allow":["GET"]}}],"collection":[{"href":"https:\/\/kernsverlag.com\/de\/wp-json\/wp\/v2\/product"}],"about":[{"href":"https:\/\/kernsverlag.com\/de\/wp-json\/wp\/v2\/types\/product"}],"wp:featuredmedia":[{"embeddable":true,"href":"https:\/\/kernsverlag.com\/de\/wp-json\/wp\/v2\/media\/177"}],"wp:attachment":[{"href":"https:\/\/kernsverlag.com\/de\/wp-json\/wp\/v2\/media?parent=107"}],"wp:term":[{"taxonomy":"product_brand","embeddable":true,"href":"https:\/\/kernsverlag.com\/de\/wp-json\/wp\/v2\/product_brand?post=107"},{"taxonomy":"product_cat","embeddable":true,"href":"https:\/\/kernsverlag.com\/de\/wp-json\/wp\/v2\/product_cat?post=107"},{"taxonomy":"product_tag","embeddable":true,"href":"https:\/\/kernsverlag.com\/de\/wp-json\/wp\/v2\/product_tag?post=107"}],"curies":[{"name":"wp","href":"https:\/\/api.w.org\/{rel}","templated":true}]}}