{"id":106,"date":"2004-08-04T11:59:33","date_gmt":"2004-08-04T09:59:33","guid":{"rendered":"http:\/\/woocommerce.kernsverlag.com\/product\/settlement-dynamics-of-the-middle-paleolithic-and-middle-stone-age-volume-ii\/"},"modified":"2019-08-07T10:49:01","modified_gmt":"2019-08-07T08:49:01","slug":"settlement-dynamics-of-the-middle-paleolithic-and-middle-stone-age-volume-ii","status":"publish","type":"product","link":"https:\/\/kernsverlag.com\/de\/buch\/settlement-dynamics-of-the-middle-paleolithic-and-middle-stone-age-volume-ii\/","title":{"rendered":"Settlement Dynamics of the Middle Paleolithic and Middle Stone Age, Volume II"},"content":{"rendered":"<p><img loading=\"lazy\" decoding=\"async\" class=\"alignnone size-full wp-image-207 alignright\" src=\"https:\/\/kernsverlag.com\/wp-content\/uploads\/2019\/04\/clark.gif\" alt=\"Desmond Clark\" width=\"161\" height=\"233\" \/><\/p>\n<p>In diesem Desmond Clark gewidmeten Band werden 22 Artikel vorgestellt, die den derzeitigen Wissensstand \u00fcber die Siedlungsdynamik des Mittelpal\u00e4olithikums und des Middle Stone Age er\u00f6rtern. Viele dieser Artikel wurden w\u00e4hrend des dritten Treffens der &#8222;Commission 27 of the UISPP&#8220; in Li\u00e8ge (Belgien) im September 2001 vorgestellt. Die hier pr\u00e4sentierten Arbeiten bedienen sich verschiedener Datenquellen zu Subsistenz, Technologie, Taphonomie, Klima, Pal\u00e4ogeographie, Geoarch\u00e4ologie und biologischer Anthropologie um Testmodelle f\u00fcr mittelpal\u00e4olithische und MSA Siedlungssysteme zu erstellen und zu \u00fcberpr\u00fcfen. Verschiedene Sichtweisen heben dabei sowohl verbindende als auch sich entgegenstehende Elemente der Siedlungsdynamik w\u00e4hrend dieser Periode hervor, in welcher der anatomisch moderne Mensch sich entwickelte und wichtige kulturelle Errungenschaften in der gesamten Alten Welt gemacht wurden.<\/p>\n<p><a href=\"https:\/\/kernsverlag.com\/wp-content\/uploads\/2019\/04\/SDIIcontents_0.pdf\">Inhaltsverzeichnis als PDF (englisch)<\/a><\/p>\n<h2>Die Autorinnen\/Autoren<\/h2>\n<p>D. S. Adler, E. V. Beliaeva, F. B. de Quir\u00f3s, N. Bicho, M. Bolus, D. Bonjean, A. Burke, V. Cabrera, G. Chac\u00f3n, N. J. Conard, P. Depaepe, A. E. Dodonov, E. M. Foltyn, E. Foltyn, D. Halkett, T. Hart, A. L. Hawkins, T. Hopkinson, A. W. Kandel, I. Karavani\u00e7, J. K. Kozlowski, J. Mart\u00ednez-Moreno, M.-H. Moncel, R. Mora, E. Morin, M. Otte, J. Parkington, A. Pike-Tay, C. Poggenpoel, J. M. Rando, M. Soressi, I. de la Torre, N. Tushabramishvili, M. Vaquero, L. Wadley, M. J. Walker, I. Yevtushenko.<\/p>\n<h2>Rezension<\/h2>\n<blockquote><p>The discipline is enriched by the papers in these volumes, which should be in every serious library of Paleolithic studies.<\/p><\/blockquote>\n<p><span class=\"q_author\">&#8211; L. G. Straus, <\/span><a class=\"q_author\" href=\"http:\/\/www.unm.edu\/~jar\/\">Journal of Anthropological Research<\/a><\/p>\n","protected":false},"excerpt":{"rendered":"<div class=\"entry-summary\">\nErscheinungsdatum: 2004<br \/>\n<strong>mit Beitr\u00e4gen in englischer und franz\u00f6sischer Sprache<br \/>\nReduzierter Preis: nur Restbest\u00e4nde mit Lagerspuren<\/strong>\n<\/div>\n","protected":false},"featured_media":165,"template":"","meta":{"_acf_changed":false},"product_brand":[],"product_cat":[118,117,108,124,56],"product_tag":[],"class_list":{"0":"post-106","1":"product","2":"type-product","3":"status-publish","4":"has-post-thumbnail","6":"product_cat-alle-titel","7":"product_cat-angebote","8":"product_cat-englische-buecher","9":"product_cat-settlement-dynamics","10":"product_cat-tuebingen-publications-in-prehistory","12":"first","13":"instock","14":"sale","15":"taxable","16":"shipping-taxable","17":"purchasable","18":"product-type-simple","19":"entry"},"acf":[],"_links":{"self":[{"href":"https:\/\/kernsverlag.com\/de\/wp-json\/wp\/v2\/product\/106","targetHints":{"allow":["GET"]}}],"collection":[{"href":"https:\/\/kernsverlag.com\/de\/wp-json\/wp\/v2\/product"}],"about":[{"href":"https:\/\/kernsverlag.com\/de\/wp-json\/wp\/v2\/types\/product"}],"wp:featuredmedia":[{"embeddable":true,"href":"https:\/\/kernsverlag.com\/de\/wp-json\/wp\/v2\/media\/165"}],"wp:attachment":[{"href":"https:\/\/kernsverlag.com\/de\/wp-json\/wp\/v2\/media?parent=106"}],"wp:term":[{"taxonomy":"product_brand","embeddable":true,"href":"https:\/\/kernsverlag.com\/de\/wp-json\/wp\/v2\/product_brand?post=106"},{"taxonomy":"product_cat","embeddable":true,"href":"https:\/\/kernsverlag.com\/de\/wp-json\/wp\/v2\/product_cat?post=106"},{"taxonomy":"product_tag","embeddable":true,"href":"https:\/\/kernsverlag.com\/de\/wp-json\/wp\/v2\/product_tag?post=106"}],"curies":[{"name":"wp","href":"https:\/\/api.w.org\/{rel}","templated":true}]}}