{"id":105,"date":"2001-05-04T11:59:33","date_gmt":"2001-05-04T09:59:33","guid":{"rendered":"http:\/\/woocommerce.kernsverlag.com\/product\/settlement-dynamics-of-the-middle-paleolithic-and-middle-stone-age-volume-i\/"},"modified":"2019-08-07T10:52:27","modified_gmt":"2019-08-07T08:52:27","slug":"settlement-dynamics-of-the-middle-paleolithic-and-middle-stone-age-volume-i","status":"publish","type":"product","link":"https:\/\/kernsverlag.com\/de\/buch\/settlement-dynamics-of-the-middle-paleolithic-and-middle-stone-age-volume-i\/","title":{"rendered":"Settlement Dynamics of the Middle Paleolithic and Middle Stone Age, Volume I"},"content":{"rendered":"<p><a href=\"https:\/\/kernsverlag.com\/wp-content\/uploads\/2019\/04\/SDIcontents.pdf\">Inhaltsverzeichnis als PDF (englisch)<\/a><\/p>\n<p>Im Jahr 1999 versammelten sich 50 der bekanntesten Wissenschaftler der fr\u00fchen Urgeschichte in T\u00fcbingen um die zweite internationale Konferenz zum Thema &#8222;Middle Paleolithic and Middle Stone Age Settlement Systems&#8220; abzuhalten. Sie pr\u00e4sentierten die Ergebnisse der neuesten Ausgrabungen und stellten neue Hypothesen und theoretische Modelle der Siedlungsdynamik dieser Periode auf, in der sich anatomisch und kulturell moderne Menschen entwickelten. Der hier vorgestellte Band enth\u00e4lt 27 Beitr\u00e4ge, die auf der T\u00fcbinger Konferenz vorgetragen wurden und fasst den derzeitigen Wissenstand \u00fcber die Siedlungsdynamik dieser Periode zusammen.<\/p>\n<h2>Die Autorinnen\/Autoren<\/h2>\n<p>Stanley H. Ambrose, S\u00e9bastien Bernard-Guelle, Dominique Bonjean, Katherine V. Boyle, James S. Brink, Jean-Philip Brugal, Berrin \u00c7ep, Victor P. Chabai, J. Desmond Clark, Nicholas J. Conard, Pascal Depaepe, Zo\u00eb L. Henderson, Erella Hovers, Susan G. Keates, Jean-Marie Le Tensorer, Jean-Luc Locht, Anthony E. Marks, Liliane Meignen, Margherita Mussi, Marcel Otte, Marco Peresani, J\u00fcrgen Richter, Nicolas Rolland, Colette Swinnen, Thierry Tillet, Alain Tuffreau, Philip Van Peer, Manuel Vaquero, Pierre M. Vermeersch, J\u00fcrgen Waiblinger, Luc Wengler, Jo\u00e3o Zilh\u00e3o.<\/p>\n<h2>Rezensionen<\/h2>\n<blockquote><p>As Conard points out in his introduction, &#8222;While researchers are still far from the goal of establishing reliable interpretations for Middle Paleolithic settlement systems, the significant advances in recent years provide some basis for optimism and point to new advances in research.&#8220; Through documentation and discussion of many of these significant new advances, the authors of these chapters have created a useful &#8222;state of the art&#8220; research statement that does indeed suggest new directions for expanded research.<br \/>\n<span class=\"q_author\">\u2013 B. R. Barton, <\/span><a class=\"q_author\" href=\"http:\/\/depts.washington.edu\/qrc\/journal.html\">Quaternary Research<\/a><\/p>\n<p>\u2026 I highly recommend this book to all Paleolithic archaeologists\u2026<br \/>\n<span class=\"q_author\">\u2013 Richard G. Klein, <\/span><a class=\"q_author\" href=\"http:\/\/www.elsevier.com\/wps\/find\/journaldescription.cws_home\/622882\/description#de\">Journal of Human Evolution<\/a><\/p>\n<p>Donc toutes les synth\u00e9ses de ce genre ne peuvent que nous aider \u00e0 faire le point, \u00e0 capitaliser, patiemment, les changements importants de ces derni\u00e8res ann\u00e9es, encore trop peu lisibles dans nos imaginaires respectifs cantonnant toujours N\u00e9andertal dans le r\u00f4le du mauvais \u00e9l\u00e8ve de la classe. Comme si son extinction programm\u00e9e lui tenait immanquablement lieu de tare ad vitam eternam quant \u00e0 son r\u00f4le dans le progr\u00e8s des acquis techniques, sociaux ou \u00e9conomiques de l&#8217;humanit\u00e9. Pour toutes ces raisons, et bien d&#8217;autres, la lecture de cet ouvrage, du moins sa consultation et sa commande par nos biblioth\u00e8ques institutionnelles, ne peut \u00eatre que vivement recommand\u00e9e.<br \/>\n<span class=\"q_author\">\u2013 Jacques Jaubert, Bulletin de la Soci\u00e9t\u00e9 pr\u00e9historique fran\u00e7aise<\/span><\/p><\/blockquote>\n","protected":false},"excerpt":{"rendered":"<div class=\"entry-summary\">\nErscheinungsdatum: 2001<br \/>\n<strong>mit Beitr\u00e4gen in englischer und franz\u00f6sischer Sprache<br \/>\nReduzierter Preis: nur Restbest\u00e4nde mit Lagerspuren<\/strong>\n<\/div>\n","protected":false},"featured_media":167,"template":"","meta":{"_acf_changed":false},"product_brand":[],"product_cat":[118,117,108,124,56],"product_tag":[],"class_list":{"0":"post-105","1":"product","2":"type-product","3":"status-publish","4":"has-post-thumbnail","6":"product_cat-alle-titel","7":"product_cat-angebote","8":"product_cat-englische-buecher","9":"product_cat-settlement-dynamics","10":"product_cat-tuebingen-publications-in-prehistory","12":"first","13":"instock","14":"sale","15":"taxable","16":"shipping-taxable","17":"purchasable","18":"product-type-simple","19":"entry"},"acf":[],"_links":{"self":[{"href":"https:\/\/kernsverlag.com\/de\/wp-json\/wp\/v2\/product\/105","targetHints":{"allow":["GET"]}}],"collection":[{"href":"https:\/\/kernsverlag.com\/de\/wp-json\/wp\/v2\/product"}],"about":[{"href":"https:\/\/kernsverlag.com\/de\/wp-json\/wp\/v2\/types\/product"}],"wp:featuredmedia":[{"embeddable":true,"href":"https:\/\/kernsverlag.com\/de\/wp-json\/wp\/v2\/media\/167"}],"wp:attachment":[{"href":"https:\/\/kernsverlag.com\/de\/wp-json\/wp\/v2\/media?parent=105"}],"wp:term":[{"taxonomy":"product_brand","embeddable":true,"href":"https:\/\/kernsverlag.com\/de\/wp-json\/wp\/v2\/product_brand?post=105"},{"taxonomy":"product_cat","embeddable":true,"href":"https:\/\/kernsverlag.com\/de\/wp-json\/wp\/v2\/product_cat?post=105"},{"taxonomy":"product_tag","embeddable":true,"href":"https:\/\/kernsverlag.com\/de\/wp-json\/wp\/v2\/product_tag?post=105"}],"curies":[{"name":"wp","href":"https:\/\/api.w.org\/{rel}","templated":true}]}}