{"id":705,"date":"2019-10-03T14:39:36","date_gmt":"2019-10-03T12:39:36","guid":{"rendered":"http:\/\/woocommerce.kernsverlag.com\/?page_id=705"},"modified":"2019-10-08T09:53:00","modified_gmt":"2019-10-08T07:53:00","slug":"ueber-den-verlag","status":"publish","type":"page","link":"https:\/\/kernsverlag.com\/de\/ueber-den-verlag\/","title":{"rendered":"\u00dcber den Verlag"},"content":{"rendered":"<h2>Verlagsprojekt<\/h2>\n<p>Wir verlegen 3 Reihen \u2013\u00a0<a href=\"\/de\/serie\/tuebingen-publications-in-prehistory\/\" class=\"tpp\">T\u00fcbingen Publications in Prehistory<\/a>,\u00a0<a href=\"\/de\/serie\/tuebinger-monographien-zur-urgeschichte\/\" class=\"tmu\">T\u00fcbinger Monographien zur Urgeschichte<\/a>,\u00a0<a href=\"\/de\/serie\/archaeology-of-southwestern-asia\/\" class=\"asa\">T\u00fcbingen Publications in the Archaeology of Southwestern Asia<\/a>\u00a0\u2013 in Zusammenarbeit mit der Abteilung \u00c4ltere Urgeschichte und Quart\u00e4r\u00f6kologie an der Universit\u00e4t T\u00fcbingen.<\/p>\n<p>Des Weiteren pr\u00e4sentieren wir unsere neue Reihe\u00a0<a href=\"\/de\/serie\/words-bones-genes-tools\/\" class=\"wbgt\">Words, Bones, Genes, Tools<\/a>\u00a0in Zusammenarbeit mit dem DFG Center for Advanced Studies an der Universit\u00e4t T\u00fcbingen.<\/p>\n<h2>People and Prehistory<\/h2>\n<p>\u201cIt should not, however, be forgotten that one great advantage of a shelter or cave, which I am able to personally vouch for in the rain forest of Ituri, is the degree of socializing and the warmth that brings people together at a fire in a cave. The opportunity of bringing people together in a relatively confined space, besides also giving protection against large predators and human territorial aggression, should not be underestimated&#8230;\u201d (J. Desmond Clark 2001: 95; cited in Settlement Dynamics of the Middle Paleolithic and Middle Stone Age, Vol II)<\/p>\n","protected":false},"excerpt":{"rendered":"<div class=\"entry-summary\">\nVerlagsprojekt Wir verlegen 3 Reihen \u2013\u00a0T\u00fcbingen Publications in Prehistory,\u00a0T\u00fcbinger Monographien zur Urgeschichte,\u00a0T\u00fcbingen Publications in the Archaeology of Southwestern Asia\u00a0\u2013 in Zusammenarbeit mit der Abteilung \u00c4ltere Urgeschichte und Quart\u00e4r\u00f6kologie an der Universit\u00e4t T\u00fcbingen. Des Weiteren pr\u00e4sentieren wir unsere neue Reihe\u00a0Words, Bones,&hellip;\n<\/div>\n<div class=\"link-more\"><a href=\"https:\/\/kernsverlag.com\/de\/ueber-den-verlag\/\" class=\"more-link\">Weiterlesen\u2026<\/a><\/div>\n","protected":false},"author":1,"featured_media":0,"parent":0,"menu_order":0,"comment_status":"closed","ping_status":"closed","template":"","meta":{"_acf_changed":false,"footnotes":""},"class_list":["post-705","page","type-page","status-publish","hentry","entry"],"acf":[],"_links":{"self":[{"href":"https:\/\/kernsverlag.com\/de\/wp-json\/wp\/v2\/pages\/705","targetHints":{"allow":["GET"]}}],"collection":[{"href":"https:\/\/kernsverlag.com\/de\/wp-json\/wp\/v2\/pages"}],"about":[{"href":"https:\/\/kernsverlag.com\/de\/wp-json\/wp\/v2\/types\/page"}],"author":[{"embeddable":true,"href":"https:\/\/kernsverlag.com\/de\/wp-json\/wp\/v2\/users\/1"}],"replies":[{"embeddable":true,"href":"https:\/\/kernsverlag.com\/de\/wp-json\/wp\/v2\/comments?post=705"}],"version-history":[{"count":4,"href":"https:\/\/kernsverlag.com\/de\/wp-json\/wp\/v2\/pages\/705\/revisions"}],"predecessor-version":[{"id":725,"href":"https:\/\/kernsverlag.com\/de\/wp-json\/wp\/v2\/pages\/705\/revisions\/725"}],"wp:attachment":[{"href":"https:\/\/kernsverlag.com\/de\/wp-json\/wp\/v2\/media?parent=705"}],"curies":[{"name":"wp","href":"https:\/\/api.w.org\/{rel}","templated":true}]}}