{"id":37,"date":"2019-04-02T15:49:56","date_gmt":"2019-04-02T13:49:56","guid":{"rendered":"http:\/\/woocommerce.kernsverlag.com\/bezahlmoeglichkeiten\/"},"modified":"2024-03-21T18:19:33","modified_gmt":"2024-03-21T17:19:33","slug":"bezahlmoeglichkeiten","status":"publish","type":"page","link":"https:\/\/kernsverlag.com\/de\/bezahlmoeglichkeiten\/","title":{"rendered":"Zahlungsarten"},"content":{"rendered":"<h2>Kreditkarte<\/h2>\n<p>Visa und Mastercard bei unserem Online-Shop. Die Kreditkartendaten werden \u00fcber eine gesicherte Seite (SSL-verschl\u00fcsselt) eingegeben. Die Erfassung und Speicherung der Daten erfolgt \u00fcber einen spezialisierten Dienstleister (Ingenico), um f\u00fcr Sie ein h\u00f6chstm\u00f6gliches Ma\u00df an Sicherheit zu gew\u00e4hrleisten.<\/p>\n<p>Kerns Verlag ist f\u00fcr die Abwicklung der Transaktionen verantwortlich.<\/p>\n<p><strong>Bitte beachten: Zahlungen per Kreditkarte sind zur Zeit aus technischen Gr\u00fcnden nicht m\u00f6glich. Wir sind um eine schnelle L\u00f6sung bem\u00fcht!<\/strong><\/p>\n<h2>Paypal<\/h2>\n<p>Bei dieser Option werden Sie w\u00e4hrend des Bezahlvorgangs zu Paypal weitergeleitet, wo Sie die Transaktion mit Ihren Paypal-Kontodaten autorisieren.<\/p>\n<h2>Rechnung<\/h2>\n<p>Die der Sendung beiliegende Rechnung muss innerhalb von 30 Tagen (Rechnungsdatum) bezahlt werden. Die gelieferte Ware bleibt bis zur vollst\u00e4ndigen Bezahlung im Eigentum von Kerns Verlag.<\/p>\n","protected":false},"excerpt":{"rendered":"<div class=\"entry-summary\">\nKreditkarte Visa und Mastercard bei unserem Online-Shop. Die Kreditkartendaten werden \u00fcber eine gesicherte Seite (SSL-verschl\u00fcsselt) eingegeben. Die Erfassung und Speicherung der Daten erfolgt \u00fcber einen spezialisierten Dienstleister (Ingenico), um f\u00fcr Sie ein h\u00f6chstm\u00f6gliches Ma\u00df an Sicherheit zu gew\u00e4hrleisten. Kerns Verlag&hellip;\n<\/div>\n<div class=\"link-more\"><a href=\"https:\/\/kernsverlag.com\/de\/bezahlmoeglichkeiten\/\" class=\"more-link\">Weiterlesen\u2026<\/a><\/div>\n","protected":false},"author":2,"featured_media":0,"parent":0,"menu_order":0,"comment_status":"closed","ping_status":"closed","template":"","meta":{"_acf_changed":false,"footnotes":""},"class_list":["post-37","page","type-page","status-publish","hentry","entry"],"acf":[],"_links":{"self":[{"href":"https:\/\/kernsverlag.com\/de\/wp-json\/wp\/v2\/pages\/37","targetHints":{"allow":["GET"]}}],"collection":[{"href":"https:\/\/kernsverlag.com\/de\/wp-json\/wp\/v2\/pages"}],"about":[{"href":"https:\/\/kernsverlag.com\/de\/wp-json\/wp\/v2\/types\/page"}],"author":[{"embeddable":true,"href":"https:\/\/kernsverlag.com\/de\/wp-json\/wp\/v2\/users\/2"}],"replies":[{"embeddable":true,"href":"https:\/\/kernsverlag.com\/de\/wp-json\/wp\/v2\/comments?post=37"}],"version-history":[{"count":5,"href":"https:\/\/kernsverlag.com\/de\/wp-json\/wp\/v2\/pages\/37\/revisions"}],"predecessor-version":[{"id":2650,"href":"https:\/\/kernsverlag.com\/de\/wp-json\/wp\/v2\/pages\/37\/revisions\/2650"}],"wp:attachment":[{"href":"https:\/\/kernsverlag.com\/de\/wp-json\/wp\/v2\/media?parent=37"}],"curies":[{"name":"wp","href":"https:\/\/api.w.org\/{rel}","templated":true}]}}