{"id":36,"date":"2019-04-02T15:49:56","date_gmt":"2019-04-02T13:49:56","guid":{"rendered":"http:\/\/woocommerce.kernsverlag.com\/versandarten\/"},"modified":"2023-09-27T22:11:09","modified_gmt":"2023-09-27T20:11:09","slug":"versandarten","status":"publish","type":"page","link":"https:\/\/kernsverlag.com\/de\/versandarten\/","title":{"rendered":"Versand"},"content":{"rendered":"<h2>Allgemeine Informationen<\/h2>\n<p>Der Versand erfolgt \u00fcber DHL. Die Versandkosten richten sich gestaffelt nach der Anzahl der gelieferten B\u00fccher.<\/p>\n<h2>Versandkosten Deutschland<\/h2>\n<p>versandkostenfrei<\/p>\n<h2>Versandkosten Europa<\/h2>\n<p>1 Buch: 10 Euro<br \/>\n2-5 B\u00fccher: 16 Euro<br \/>\n\u00fcber 5 B\u00fccher 20 Euro<\/p>\n<h2>Versandkosten weltweit<\/h2>\n<p>1 Buch: 15 Euro<br \/>\n2-5 B\u00fccher: 40 Euro<br \/>\n\u00fcber 5 B\u00fccher 75 Euro<\/p>\n","protected":false},"excerpt":{"rendered":"<div class=\"entry-summary\">\nAllgemeine Informationen Der Versand erfolgt \u00fcber DHL. Die Versandkosten richten sich gestaffelt nach der Anzahl der gelieferten B\u00fccher. Versandkosten Deutschland versandkostenfrei Versandkosten Europa 1 Buch: 10 Euro 2-5 B\u00fccher: 16 Euro \u00fcber 5 B\u00fccher 20 Euro Versandkosten weltweit 1 Buch:&hellip;\n<\/div>\n<div class=\"link-more\"><a href=\"https:\/\/kernsverlag.com\/de\/versandarten\/\" class=\"more-link\">Weiterlesen\u2026<\/a><\/div>\n","protected":false},"author":2,"featured_media":0,"parent":0,"menu_order":0,"comment_status":"closed","ping_status":"closed","template":"","meta":{"_acf_changed":false,"footnotes":""},"class_list":["post-36","page","type-page","status-publish","hentry","entry"],"acf":[],"_links":{"self":[{"href":"https:\/\/kernsverlag.com\/de\/wp-json\/wp\/v2\/pages\/36","targetHints":{"allow":["GET"]}}],"collection":[{"href":"https:\/\/kernsverlag.com\/de\/wp-json\/wp\/v2\/pages"}],"about":[{"href":"https:\/\/kernsverlag.com\/de\/wp-json\/wp\/v2\/types\/page"}],"author":[{"embeddable":true,"href":"https:\/\/kernsverlag.com\/de\/wp-json\/wp\/v2\/users\/2"}],"replies":[{"embeddable":true,"href":"https:\/\/kernsverlag.com\/de\/wp-json\/wp\/v2\/comments?post=36"}],"version-history":[{"count":8,"href":"https:\/\/kernsverlag.com\/de\/wp-json\/wp\/v2\/pages\/36\/revisions"}],"predecessor-version":[{"id":2409,"href":"https:\/\/kernsverlag.com\/de\/wp-json\/wp\/v2\/pages\/36\/revisions\/2409"}],"wp:attachment":[{"href":"https:\/\/kernsverlag.com\/de\/wp-json\/wp\/v2\/media?parent=36"}],"curies":[{"name":"wp","href":"https:\/\/api.w.org\/{rel}","templated":true}]}}