{"id":35,"date":"2019-04-02T15:49:56","date_gmt":"2019-04-02T13:49:56","guid":{"rendered":"http:\/\/woocommerce.kernsverlag.com\/widerrufsbelehrung\/"},"modified":"2019-04-26T12:31:41","modified_gmt":"2019-04-26T10:31:41","slug":"widerrufsbelehrung","status":"publish","type":"page","link":"https:\/\/kernsverlag.com\/de\/widerrufsbelehrung\/","title":{"rendered":"Widerrufsbelehrung"},"content":{"rendered":"<h2>Widerrufsrecht<\/h2>\n<p>Sie k\u00f6nnen die erhaltene Ware ohne Angabe von Gr\u00fcnden innerhalb von zwei Wochen durch R\u00fccksendung der Ware zur\u00fcckgeben. Die Frist beginnt fr\u00fchestens mit Erhalt der Ware. Zur Wahrung der Frist gen\u00fcgt die rechtzeitige Absendung der Ware. Die R\u00fccksendung in einwandfreiem Zustand und in angemessen guter Verpackung hat zu erfolgen an: Kerns Verlag, M\u00fcnzgasse 12, D\u201372070 T\u00fcbingen, Germany.<\/p>\n<h2>Vereinbarung \u00fcber die Kostentragung<\/h2>\n<p>Machen Sie von Ihrem Widerrufsrecht Gebrauch, haben Sie die regelm\u00e4\u00dfigen Kosten der R\u00fccksendung zu tragen, wenn die gelieferte Ware der bestellten entspricht. Anderenfalls ist die R\u00fccksendung f\u00fcr Sie kostenfrei. Fragen dazu sind zu richten an: info@kernsverlag.com.<\/p>\n<p>Kerns Verlag, M\u00fcnzgasse 12, D\u201372070 T\u00fcbingen, Germany<\/p>\n","protected":false},"excerpt":{"rendered":"<div class=\"entry-summary\">\nWiderrufsrecht Sie k\u00f6nnen die erhaltene Ware ohne Angabe von Gr\u00fcnden innerhalb von zwei Wochen durch R\u00fccksendung der Ware zur\u00fcckgeben. Die Frist beginnt fr\u00fchestens mit Erhalt der Ware. Zur Wahrung der Frist gen\u00fcgt die rechtzeitige Absendung der Ware. Die R\u00fccksendung in&hellip;\n<\/div>\n<div class=\"link-more\"><a href=\"https:\/\/kernsverlag.com\/de\/widerrufsbelehrung\/\" class=\"more-link\">Weiterlesen\u2026<\/a><\/div>\n","protected":false},"author":2,"featured_media":0,"parent":0,"menu_order":0,"comment_status":"closed","ping_status":"closed","template":"","meta":{"_acf_changed":false,"footnotes":""},"class_list":["post-35","page","type-page","status-publish","hentry","entry"],"acf":[],"_links":{"self":[{"href":"https:\/\/kernsverlag.com\/de\/wp-json\/wp\/v2\/pages\/35","targetHints":{"allow":["GET"]}}],"collection":[{"href":"https:\/\/kernsverlag.com\/de\/wp-json\/wp\/v2\/pages"}],"about":[{"href":"https:\/\/kernsverlag.com\/de\/wp-json\/wp\/v2\/types\/page"}],"author":[{"embeddable":true,"href":"https:\/\/kernsverlag.com\/de\/wp-json\/wp\/v2\/users\/2"}],"replies":[{"embeddable":true,"href":"https:\/\/kernsverlag.com\/de\/wp-json\/wp\/v2\/comments?post=35"}],"version-history":[{"count":3,"href":"https:\/\/kernsverlag.com\/de\/wp-json\/wp\/v2\/pages\/35\/revisions"}],"predecessor-version":[{"id":464,"href":"https:\/\/kernsverlag.com\/de\/wp-json\/wp\/v2\/pages\/35\/revisions\/464"}],"wp:attachment":[{"href":"https:\/\/kernsverlag.com\/de\/wp-json\/wp\/v2\/media?parent=35"}],"curies":[{"name":"wp","href":"https:\/\/api.w.org\/{rel}","templated":true}]}}