{"id":34,"date":"2019-04-02T15:49:56","date_gmt":"2019-04-02T13:49:56","guid":{"rendered":"http:\/\/woocommerce.kernsverlag.com\/agb\/"},"modified":"2019-08-20T17:26:53","modified_gmt":"2019-08-20T15:26:53","slug":"agb","status":"publish","type":"page","link":"https:\/\/kernsverlag.com\/de\/agb\/","title":{"rendered":"Allgemeine Gesch\u00e4ftsbedingungen"},"content":{"rendered":"<h2>Allgemeines<\/h2>\n<p>Kerns Verlag T\u00fcbingen, M\u00fcnzgasse 12, D-72070 T\u00fcbingen, f\u00fchrt Ihre Bestellungen auf der Grundlage der nachfolgenden Allgemeinen Gesch\u00e4ftsbedingungen. Abweichende Regelungen haben nur dann Geltung, wenn sie zwischen Kerns Verlag und Kunde vereinbart wurden.<\/p>\n<h2>Vertragsabschluss<\/h2>\n<p>Wenn Sie in unserem Online-Shop eine Bestellung aufgeben, erhalten Sie eine Best\u00e4tigung und Zusammenfassung der get\u00e4tigten Bestellung. Diese Bestellbest\u00e4tigung stellt noch keinen Vertragsabschluss dar, sondern informiert Sie lediglich dar\u00fcber, dass Ihre Bestellung bei uns eingegangen ist. Der Kaufvertrag kommt erst dann zustande, wenn wir das bestellte Produkt an Sie versenden.<\/p>\n<h2>Preise<\/h2>\n<p>Es gelten die Preise zum Zeitpunkt der Bestellung. Die angegebenen Preise verstehen sich inklusive Mehrwertsteuer.<\/p>\n<p>Buchhandelsrabatt: 1-9 Ex. 30 %; 10+ Ex. 40%<\/p>\n<h2>Lieferung<\/h2>\n<p>Versand \u00fcber DHL. Alle Artikel werden umgehend, sofern ab Lager verf\u00fcgbar, ausgeliefert.<\/p>\n<p>Sollte ein Artikel kurzfristig nicht verf\u00fcgbar sein, informieren wir Sie per E-Mail \u00fcber die zu erwartende Lieferzeit, sofern uns eine Adresse von Ihnen vorliegt.<\/p>\n","protected":false},"excerpt":{"rendered":"<div class=\"entry-summary\">\nAllgemeines Kerns Verlag T\u00fcbingen, M\u00fcnzgasse 12, D-72070 T\u00fcbingen, f\u00fchrt Ihre Bestellungen auf der Grundlage der nachfolgenden Allgemeinen Gesch\u00e4ftsbedingungen. Abweichende Regelungen haben nur dann Geltung, wenn sie zwischen Kerns Verlag und Kunde vereinbart wurden. Vertragsabschluss Wenn Sie in unserem Online-Shop eine&hellip;\n<\/div>\n<div class=\"link-more\"><a href=\"https:\/\/kernsverlag.com\/de\/agb\/\" class=\"more-link\">Weiterlesen\u2026<\/a><\/div>\n","protected":false},"author":2,"featured_media":0,"parent":0,"menu_order":0,"comment_status":"closed","ping_status":"closed","template":"","meta":{"_acf_changed":false,"footnotes":""},"class_list":["post-34","page","type-page","status-publish","hentry","entry"],"acf":[],"_links":{"self":[{"href":"https:\/\/kernsverlag.com\/de\/wp-json\/wp\/v2\/pages\/34","targetHints":{"allow":["GET"]}}],"collection":[{"href":"https:\/\/kernsverlag.com\/de\/wp-json\/wp\/v2\/pages"}],"about":[{"href":"https:\/\/kernsverlag.com\/de\/wp-json\/wp\/v2\/types\/page"}],"author":[{"embeddable":true,"href":"https:\/\/kernsverlag.com\/de\/wp-json\/wp\/v2\/users\/2"}],"replies":[{"embeddable":true,"href":"https:\/\/kernsverlag.com\/de\/wp-json\/wp\/v2\/comments?post=34"}],"version-history":[{"count":6,"href":"https:\/\/kernsverlag.com\/de\/wp-json\/wp\/v2\/pages\/34\/revisions"}],"predecessor-version":[{"id":657,"href":"https:\/\/kernsverlag.com\/de\/wp-json\/wp\/v2\/pages\/34\/revisions\/657"}],"wp:attachment":[{"href":"https:\/\/kernsverlag.com\/de\/wp-json\/wp\/v2\/media?parent=34"}],"curies":[{"name":"wp","href":"https:\/\/api.w.org\/{rel}","templated":true}]}}