{"id":33,"date":"2019-04-02T15:49:56","date_gmt":"2019-04-02T13:49:56","guid":{"rendered":"http:\/\/woocommerce.kernsverlag.com\/impressum\/"},"modified":"2021-03-03T17:48:43","modified_gmt":"2021-03-03T16:48:43","slug":"impressum","status":"publish","type":"page","link":"https:\/\/kernsverlag.com\/de\/impressum\/","title":{"rendered":"Impressum"},"content":{"rendered":"<h2>Kerns Verlag T\u00fcbingen<\/h2>\n<p>Diane Kerns<br \/>\nLeitung<\/p>\n<p>Postfach 21 05 16<br \/>\nD-72028 T\u00fcbingen<\/p>\n<p>M\u00fcnzgasse 12<br \/>\nD-72070 T\u00fcbingen<br \/>\nGERMANY<\/p>\n<p>Tel +49 (0) 7071 367768<br \/>\nFax +49 (9) 7071 367641<\/p>\n<p>email:\u00a0<a href=\"mailto:info@kernsverlag.com\">info@kernsverlag.com<\/a><\/p>\n<p>Ust.-ID-Nr.: DE 216 413 617<\/p>\n<div class=\"woocommerce woocommerce-gzd woocommerce-gzd-complaints-shortcode\">\n\t\t\t<h3>Alternative Streitbeilegung gem\u00e4\u00df Art. 14 Abs. 1 ODR-VO und \u00a7 36 VSBG:<\/h3>\n\t\nZur Teilnahme an einem Streitbeilegungsverfahren vor einer Verbraucherschlichtungsstelle sind wir nicht verpflichtet und nicht bereit.<\/div>\n","protected":false},"excerpt":{"rendered":"<div class=\"entry-summary\">\nKerns Verlag T\u00fcbingen Diane Kerns Leitung Postfach 21 05 16 D-72028 T\u00fcbingen M\u00fcnzgasse 12 D-72070 T\u00fcbingen GERMANY Tel +49 (0) 7071 367768 Fax +49 (9) 7071 367641 email:\u00a0info@kernsverlag.com Ust.-ID-Nr.: DE 216 413 617\n<\/div>\n<div class=\"link-more\"><a href=\"https:\/\/kernsverlag.com\/de\/impressum\/\" class=\"more-link\">Weiterlesen\u2026<\/a><\/div>\n","protected":false},"author":2,"featured_media":0,"parent":0,"menu_order":0,"comment_status":"closed","ping_status":"closed","template":"","meta":{"_acf_changed":false,"footnotes":""},"class_list":["post-33","page","type-page","status-publish","hentry","entry"],"acf":[],"_links":{"self":[{"href":"https:\/\/kernsverlag.com\/de\/wp-json\/wp\/v2\/pages\/33","targetHints":{"allow":["GET"]}}],"collection":[{"href":"https:\/\/kernsverlag.com\/de\/wp-json\/wp\/v2\/pages"}],"about":[{"href":"https:\/\/kernsverlag.com\/de\/wp-json\/wp\/v2\/types\/page"}],"author":[{"embeddable":true,"href":"https:\/\/kernsverlag.com\/de\/wp-json\/wp\/v2\/users\/2"}],"replies":[{"embeddable":true,"href":"https:\/\/kernsverlag.com\/de\/wp-json\/wp\/v2\/comments?post=33"}],"version-history":[{"count":4,"href":"https:\/\/kernsverlag.com\/de\/wp-json\/wp\/v2\/pages\/33\/revisions"}],"predecessor-version":[{"id":975,"href":"https:\/\/kernsverlag.com\/de\/wp-json\/wp\/v2\/pages\/33\/revisions\/975"}],"wp:attachment":[{"href":"https:\/\/kernsverlag.com\/de\/wp-json\/wp\/v2\/media?parent=33"}],"curies":[{"name":"wp","href":"https:\/\/api.w.org\/{rel}","templated":true}]}}