{"id":314,"date":"2019-04-04T15:27:27","date_gmt":"2019-04-04T13:27:27","guid":{"rendered":"http:\/\/woocommerce.kernsverlag.com\/?page_id=314"},"modified":"2019-08-14T19:49:15","modified_gmt":"2019-08-14T17:49:15","slug":"kontakt","status":"publish","type":"page","link":"https:\/\/kernsverlag.com\/de\/kontakt\/","title":{"rendered":"Kontakt"},"content":{"rendered":"<h2>Kerns Verlag | Kerns Publishing<\/h2>\n<p>Diane Kerns<br \/>\nLeitung<\/p>\n<p>Postfach 210516<br \/>\nD-72028 T\u00fcbingen<\/p>\n<p>M\u00fcnzgasse 12<br \/>\n72070 T\u00fcbingen<\/p>\n<p><a href=\"mailto:info@kernsverlag.com\">info@kernsverlag.com<\/a><br \/>\n<a href=\"mailto:orders@kernsverlag.com\">orders@kernsverlag.com<\/a><\/p>\n<p>tel: 49.(0)7071.367768<br \/>\nfax: 49.(0)7071.367641<\/p>\n","protected":false},"excerpt":{"rendered":"<div class=\"entry-summary\">\nKerns Verlag | Kerns Publishing Diane Kerns Leitung Postfach 210516 D-72028 T\u00fcbingen M\u00fcnzgasse 12 72070 T\u00fcbingen info@kernsverlag.com orders@kernsverlag.com tel: 49.(0)7071.367768 fax: 49.(0)7071.367641\n<\/div>\n<div class=\"link-more\"><a href=\"https:\/\/kernsverlag.com\/de\/kontakt\/\" class=\"more-link\">Weiterlesen\u2026<\/a><\/div>\n","protected":false},"author":1,"featured_media":0,"parent":0,"menu_order":0,"comment_status":"closed","ping_status":"closed","template":"","meta":{"_acf_changed":false,"footnotes":""},"class_list":["post-314","page","type-page","status-publish","hentry","entry"],"acf":[],"_links":{"self":[{"href":"https:\/\/kernsverlag.com\/de\/wp-json\/wp\/v2\/pages\/314","targetHints":{"allow":["GET"]}}],"collection":[{"href":"https:\/\/kernsverlag.com\/de\/wp-json\/wp\/v2\/pages"}],"about":[{"href":"https:\/\/kernsverlag.com\/de\/wp-json\/wp\/v2\/types\/page"}],"author":[{"embeddable":true,"href":"https:\/\/kernsverlag.com\/de\/wp-json\/wp\/v2\/users\/1"}],"replies":[{"embeddable":true,"href":"https:\/\/kernsverlag.com\/de\/wp-json\/wp\/v2\/comments?post=314"}],"version-history":[{"count":1,"href":"https:\/\/kernsverlag.com\/de\/wp-json\/wp\/v2\/pages\/314\/revisions"}],"predecessor-version":[{"id":315,"href":"https:\/\/kernsverlag.com\/de\/wp-json\/wp\/v2\/pages\/314\/revisions\/315"}],"wp:attachment":[{"href":"https:\/\/kernsverlag.com\/de\/wp-json\/wp\/v2\/media?parent=314"}],"curies":[{"name":"wp","href":"https:\/\/api.w.org\/{rel}","templated":true}]}}