{"id":299,"date":"2019-04-04T15:19:07","date_gmt":"2019-04-04T13:19:07","guid":{"rendered":"http:\/\/woocommerce.kernsverlag.com\/data-privacy-statement\/"},"modified":"2025-12-18T15:13:47","modified_gmt":"2025-12-18T14:13:47","slug":"datenschutzerklaerung","status":"publish","type":"page","link":"https:\/\/kernsverlag.com\/de\/datenschutzerklaerung\/","title":{"rendered":"Datenschutzerkl\u00e4rung"},"content":{"rendered":"<h2>Allgemeines<\/h2>\n<p>Wir achten auf den Schutz Ihrer pers\u00f6nlichen Daten, senden Ihnen keine Werbung und geben Ihre Daten keinesfalls an Dritte weiter. Dies gilt selbstverst\u00e4ndlich auch f\u00fcr Ihre E-Mailadresse. Ihre Daten werden w\u00e4hrend des Bestellvorgangs SSL-verschl\u00fcsselt an uns gesendet und von uns zweckgem\u00e4\u00df gespeichert.<\/p>\n<h2>Cookies f\u00fcr den Shop<\/h2>\n<p>Unser Internetshop\u00a0 verwendet Cookies, um die notwendigen Funktionalit\u00e4ten (z. B. Warenkorb) bereitzustellen. Cookies sind kleine Textdateien auf Ihrem Computer, die eine Information enthalten (wie z. B. ein Produkt in Ihrem Warenkorb). Keine Webseite au\u00dfer der unseren hat Zugriff auf diese Informationen. Au\u00dferhalb der f\u00fcr den Einkaufsvorgang notwendigen Funktionalit\u00e4ten setzen wir keine Cookies.<\/p>\n<h2>Kreditkartendaten<\/h2>\n<p>Wir erfassen und speichern Ihre Kreditkartendaten zu keinem Zeitpunkt selbst, sondern bieten diese Bezahlungsm\u00f6glichkeit \u00fcber die darauf spezialisierte Firma Ogone\/Ingenico Payment Services an. Dieses Vorgehensweise bedeutet f\u00fcr Sie ein H\u00f6chstma\u00df an Sicherheit.<\/p>\n<h2>(Fast) keine Fremdinhalte<\/h2>\n<p>Wir binden an keiner Stelle Inhalte von anderen Webseiten wie z. B. Social Media Buttons oder YouTube-Videos ein, mit Ausnahme des Trustwave-Logos (siehe unten). Au\u00dferdem verwenden wir kein Webanalyse-Programm wie Google Analytics oder Matomo.<\/p>\n<h2>Webserver-Logdateien<\/h2>\n<p>Logdateien werden lediglich f\u00fcr den Fall einer technischen St\u00f6rung auf unserem Server gespeichert und nach 60 Tagen automatisch gel\u00f6scht. Die Daten, die dabei erfasst werden, sind im Folgenden:<\/p>\n<ul>\n<li>Ihr Betriebssystem<\/li>\n<li>Ihr Internet-Service-Provider<\/li>\n<li>Informationen \u00fcber Ihren Browsertyp und die verwendete Version<\/li>\n<li>Ihre IP-Adresse<\/li>\n<li>Datum und Uhrzeit des Zugriffs<\/li>\n<li>Die Website, von der Sie auf unsere Internetseite gelangt sind<\/li>\n<li>Websites, die von Ihnen \u00fcber unsere Website aufgerufen werden<\/li>\n<\/ul>\n<p>Zu keinem Zeitpunkt werden diese Daten mit anderen pers\u00f6nlichen Daten (wie z. B. Name oder E-Mailadresse) in Verbindung gebracht.<\/p>\n","protected":false},"excerpt":{"rendered":"<div class=\"entry-summary\">\nAllgemeines Wir achten auf den Schutz Ihrer pers\u00f6nlichen Daten, senden Ihnen keine Werbung und geben Ihre Daten keinesfalls an Dritte weiter. Dies gilt selbstverst\u00e4ndlich auch f\u00fcr Ihre E-Mailadresse. Ihre Daten werden w\u00e4hrend des Bestellvorgangs SSL-verschl\u00fcsselt an uns gesendet und von&hellip;\n<\/div>\n<div class=\"link-more\"><a href=\"https:\/\/kernsverlag.com\/de\/datenschutzerklaerung\/\" class=\"more-link\">Weiterlesen\u2026<\/a><\/div>\n","protected":false},"author":1,"featured_media":0,"parent":0,"menu_order":0,"comment_status":"closed","ping_status":"closed","template":"","meta":{"_acf_changed":false,"footnotes":""},"class_list":["post-299","page","type-page","status-publish","hentry","entry"],"acf":[],"_links":{"self":[{"href":"https:\/\/kernsverlag.com\/de\/wp-json\/wp\/v2\/pages\/299","targetHints":{"allow":["GET"]}}],"collection":[{"href":"https:\/\/kernsverlag.com\/de\/wp-json\/wp\/v2\/pages"}],"about":[{"href":"https:\/\/kernsverlag.com\/de\/wp-json\/wp\/v2\/types\/page"}],"author":[{"embeddable":true,"href":"https:\/\/kernsverlag.com\/de\/wp-json\/wp\/v2\/users\/1"}],"replies":[{"embeddable":true,"href":"https:\/\/kernsverlag.com\/de\/wp-json\/wp\/v2\/comments?post=299"}],"version-history":[{"count":4,"href":"https:\/\/kernsverlag.com\/de\/wp-json\/wp\/v2\/pages\/299\/revisions"}],"predecessor-version":[{"id":4082,"href":"https:\/\/kernsverlag.com\/de\/wp-json\/wp\/v2\/pages\/299\/revisions\/4082"}],"wp:attachment":[{"href":"https:\/\/kernsverlag.com\/de\/wp-json\/wp\/v2\/media?parent=299"}],"curies":[{"name":"wp","href":"https:\/\/api.w.org\/{rel}","templated":true}]}}