{"id":2521,"date":"2023-09-07T17:49:20","date_gmt":"2023-09-07T15:49:20","guid":{"rendered":"https:\/\/kernsverlag.com\/online-open-access-publishing-with-kerns-verlag\/"},"modified":"2023-11-09T16:38:50","modified_gmt":"2023-11-09T15:38:50","slug":"online-open-access-publishing-with-kerns-verlag","status":"publish","type":"page","link":"https:\/\/kernsverlag.com\/de\/online-open-access-publishing-with-kerns-verlag\/","title":{"rendered":"Infos zur Fachzeitschrift"},"content":{"rendered":"<h2>Creative Commons License<\/h2>\n<p>As of 2023 the MGfU is published under a CC BY-NC 4.0 license.<\/p>\n<p><img loading=\"lazy\" decoding=\"async\" src=\"https:\/\/kernsverlag.com\/wp-content\/uploads\/2023\/10\/by-nc.eu_-300x105.png\" alt=\"\" width=\"300\" height=\"105\" class=\"alignnone size-medium wp-image-2493\" srcset=\"https:\/\/kernsverlag.com\/wp-content\/uploads\/2023\/10\/by-nc.eu_-300x105.png 300w, https:\/\/kernsverlag.com\/wp-content\/uploads\/2023\/10\/by-nc.eu_.png 403w\" sizes=\"auto, (max-width: 300px) 100vw, 300px\" \/><\/p>\n<p>CC = Creative Commons<br \/>\nBY = Credit must be given to the creator<br \/>\nNC = only noncommercial uses of the work are permitted<\/p>\n<p>Open Access material offered through Kerns Verlag is freely available to download, save, reproduce, and transmit for noncommercial, scholarly, and educational purposes under the Creative Commons BY-NC 4.0 license.  <\/p>\n<p>Reproduction and transmission of content for the above purposes should credit the author and original source. <\/p>\n<h2>Manuscript submission<\/h2>\n<p>Submit contributions directly to the editors:<\/p>\n<p>Nicholas Conard<br \/>\nUniversit\u00e4t T\u00fcbingen<br \/>\nAbteilung \u00c4ltere Urgeschichte und Quart\u00e4r\u00f6kologie<br \/>\nBurgsteige 11<br \/>\n72070 T\u00fcbingen<\/p>\n<p>nicholas.conard@uni-tuebingen.de<\/p>\n<p>Michael Bolus<br \/>\nHeidelberger Akademie der Wissenschaften, Universit\u00e4t T\u00fcbingen<br \/>\nForschungsstelle &#8222;The role of culture in early expansions of humans&#8220;<br \/>\nH\u00f6lderlinstra\u00dfe 12<br \/>\n72074 T\u00fcbingen<\/p>\n<p>michael.bolus@uni-tuebingen.de<\/p>\n<h2>Manuscript preparation &#038; review<\/h2>\n<p>See <a href=\"https:\/\/kernsverlag.com\/de\/hinweise-fuer-beitraege-zur-mgfu\/\">our guidelines<\/a>.<\/p>\n<p>All scientific contributions will be subject to peer review.<\/p>\n<h2>Publication process<\/h2>\n<p>All contributions are reviewed initially by the editors. Within a reasonable timeframe, authors will be told whether their articles have been accepted or declined. If accepted the articles will be sent out for peer review, reviewers selected by the editorial board of the journal.<\/p>\n<p>Once an article has been accepted, it will be subject to copyediting. Authors will have a chance to review their copyedited articles and to make additional changes. Once an article has been placed in layout, only minor corrections will be allowed.<br \/>\nAs of 2023, articles in the MGfU will be published under the CC BY-NC 4.0 license. All authors will retain their copyright. Published versions will then be available to download, save or reproduce and transmit for noncommercial, scholarly and educational purposes under the Creative Commons BY-NC 4.0 license.<\/p>\n<h2>Author Charges<\/h2>\n<p>We are currently developing our article processing charges for upcoming publications.<\/p>\n<h2>Editorial Board<\/h2>\n<p>Shara Bailey (New York)<br \/>\nFran\u00e7ois Bon (Toulouse)<br \/>\nAriane Burke (Montreal)<br \/>\nKatja Douze (Geneva)<br \/>\nClive Gamble (London)<br \/>\nSabine Gaudzinski-\u00adWindheuser (Mainz)<br \/>\nKaterina Harvati (T\u00fcbingen)<br \/>\nJean-\u00adJacques Hublin (Leipzig)<br \/>\nRobert L. Kelly (Laramie, Wyoming)<br \/>\nJohannes Krause (Leipzig\/T\u00fcbingen)<br \/>\nSteven L. Kuhn (Tucson)<br \/>\nFoni Le Brun\u00ad-Ricalens (Luxemburg)<br \/>\nFeng Li (Beijing)<br \/>\nChristopher E. Miller (T\u00fcbingen)<br \/>\nPhilip Nigst (Vienna)<br \/>\nAkira Ono (Tokyo)<br \/>\nMarco Peresani (Ferrara)<br \/>\nGuillaume Porraz (Aix-\u00aden\u00ad-Provence)<br \/>\nJ\u00fcrgen Richter (K\u00f6ln)<br \/>\nSimone Riehl (T\u00fcbingen)<br \/>\nFlorent Rivals (Tarragona)<br \/>\nWil Roebroeks (Leiden)<br \/>\nVeerle Rots (Li\u00e8ge)<br \/>\nBritt M. Starkovich (T\u00fcbingen)<br \/>\nThorsten Uthmeier (Erlangen)<br \/>\nPawel Valde-\u00adNowak (Krakow)<br \/>\nLyn Wadley (Johannesburg)<\/p>\n","protected":false},"excerpt":{"rendered":"<div class=\"entry-summary\">\nCreative Commons License As of 2023 the MGfU is published under a CC BY-NC 4.0 license. CC = Creative Commons BY = Credit must be given to the creator NC = only noncommercial uses of the work are permitted Open&hellip;\n<\/div>\n<div class=\"link-more\"><a href=\"https:\/\/kernsverlag.com\/de\/online-open-access-publishing-with-kerns-verlag\/\" class=\"more-link\">Weiterlesen\u2026<\/a><\/div>\n","protected":false},"author":1,"featured_media":0,"parent":0,"menu_order":0,"comment_status":"closed","ping_status":"closed","template":"","meta":{"_acf_changed":false,"footnotes":""},"class_list":["post-2521","page","type-page","status-publish","hentry","entry"],"acf":[],"_links":{"self":[{"href":"https:\/\/kernsverlag.com\/de\/wp-json\/wp\/v2\/pages\/2521","targetHints":{"allow":["GET"]}}],"collection":[{"href":"https:\/\/kernsverlag.com\/de\/wp-json\/wp\/v2\/pages"}],"about":[{"href":"https:\/\/kernsverlag.com\/de\/wp-json\/wp\/v2\/types\/page"}],"author":[{"embeddable":true,"href":"https:\/\/kernsverlag.com\/de\/wp-json\/wp\/v2\/users\/1"}],"replies":[{"embeddable":true,"href":"https:\/\/kernsverlag.com\/de\/wp-json\/wp\/v2\/comments?post=2521"}],"version-history":[{"count":2,"href":"https:\/\/kernsverlag.com\/de\/wp-json\/wp\/v2\/pages\/2521\/revisions"}],"predecessor-version":[{"id":2527,"href":"https:\/\/kernsverlag.com\/de\/wp-json\/wp\/v2\/pages\/2521\/revisions\/2527"}],"wp:attachment":[{"href":"https:\/\/kernsverlag.com\/de\/wp-json\/wp\/v2\/media?parent=2521"}],"curies":[{"name":"wp","href":"https:\/\/api.w.org\/{rel}","templated":true}]}}