{"id":2499,"date":"2023-10-07T19:47:25","date_gmt":"2023-10-07T17:47:25","guid":{"rendered":"https:\/\/kernsverlag.com\/?page_id=2499"},"modified":"2023-10-07T19:52:05","modified_gmt":"2023-10-07T17:52:05","slug":"hinweise-fuer-beitraege-zur-mgfu","status":"publish","type":"page","link":"https:\/\/kernsverlag.com\/de\/hinweise-fuer-beitraege-zur-mgfu\/","title":{"rendered":"Hinweise f\u00fcr Beitr\u00e4ge zur MGfU"},"content":{"rendered":"<h2>Allgemeines<\/h2>\n<p>Manuskripte k\u00f6nnen in deutscher und englischer Sprache eingereicht werden. Sie m\u00fcssen in digitaler Form eingereicht werden.<\/p>\n<p>Bei jedem Beitrag m\u00fcssen dem Text sowohl eine deutsche Zusammenfassung als auch ein englisches abstract vorangestellt werden. Bei deutschsprachigen Beitr\u00e4gen soll das englische abstract ausf\u00fchrlicher sein als die deutsche Zusammenfassung und bis zu einer halben Manuskriptseite umfassen, bei englischsprachigen Beitr\u00e4gen soll die deutsche Zusammenfassung deutlich ausf\u00fchrlicher sein als das abstract und bis zu einer Manuskriptseite umfassen.<\/p>\n<p>An die deutsche Zusammenfassung m\u00fcssen ca. 5 Schlagw\u00f6rter, an das englische abstract entsprechend ca. 5 keywords angeh\u00e4ngt werden.<\/p>\n<p>Jeder Beitrag muss den vollst\u00e4ndigen Namen und die vollst\u00e4ndige Anschrift (einschlie\u00dflich Email-Adresse) des Verfassers\/der Verfasserin tragen.<\/p>\n<p>Das gesamte Manuskript muss fortlaufend paginiert sein.<\/p>\n<p>Der Text soll im MS-Word-Format abgespeichert sein, Schriftart: Times New Roman, Schriftgr\u00f6\u00dfe: durchgehend 12 pt, Zeilenabstand: durchgehend 1,5 Zeilen.<\/p>\n<p>Seitenlayout: Seitenformat 21,0 x 29,7 cm; Seitenr\u00e4nder oben 2,5 cm, unten 2,0 cm, links 3,0 cm, rechts 2,5 cm (auch bei Anfertigung der Abbildungen ber\u00fccksichtigen).<\/p>\n<p>Fu\u00dfnoten sollen vermieden werden.<\/p>\n<p>Es sollen m\u00f6glichst nicht mehr als 3 hierarchisch abgestufte \u00dcberschriftenkategorien verwendet werden.<\/p>\n<p>Grunds\u00e4tzlich so wenige Formatierungen wie m\u00f6glich verwenden, Kursivschrift und Fettschrift k\u00f6nnen in Ma\u00dfen verwendet werden.<\/p>\n<p>Die Abbildungsunterschriften und die Tabellenunterschriften sollen jeweils in einer eigenen Datei abgespeichert werden<\/p>\n<p>Jede Abbildung und jede Tabelle muss als eigene Datei abgespeichert sein.<\/p>\n<p>Autoren und Autorinnen erhalten ein PDF des eigenen Beitrages und drei Freiexemplare der Zeitschrift.<\/p>\n<h2>Tabellen<\/h2>\n<p>Auf alle Tabellen muss im Text verwiesen werden; es soll vermerkt werden, an ungef\u00e4hr welcher Stelle die Tabelle eingef\u00fcgt werden soll.<\/p>\n<p>Tabellen m\u00f6glichst in MS-Word und ohne Verwendung von Tabulatoren abspeichern; grunds\u00e4tzlich so wenig Formatierung verwenden wie m\u00f6glich.<\/p>\n<h2>Abbildungen<\/h2>\n<p>Auf alle Abbildungen muss im Text verwiesen werden; es soll vermerkt werden, an ungef\u00e4hr welcher Stelle die Abbildung eingef\u00fcgt werden soll.<\/p>\n<p>Angaben, wie und mit welchem Programm die Abbildungen erzeugt wurden, sollen beigef\u00fcgt werden (m\u00f6glichst nicht das Programm CorelDraw verwenden).<\/p>\n<p>Alle Abbildungen m\u00fcssen Druckqualit\u00e4t aufweisen; sie werden ausschlie\u00dflich in SW gedruckt, in der Online-Version werden sie aber farbig erscheinen. Auch im Autoren-pdf werden die Abbildungen farbig sein.<\/p>\n<p>Die Autoren und Autorinnen sind bei Fremdabbildungen f\u00fcr das Einholen der Abdruckgenehmigung verantwortlich.<\/p>\n<h2>Zitierweise<\/h2>\n<h3>Im Text:<\/h3>\n<p>(Jones 1989), (Jones 1989, 1995; Smith 1990; Andrews 2006), (Jones 1989, 34; Smith 1990, 56)<\/p>\n<p>Alle im Text abgek\u00fcrzt zitierten Titel m\u00fcssen im Literaturverzeichnis erscheinen!<\/p>\n<h3>Im Literaturverzeichnis:<\/h3>\n<h4>Aufs\u00e4tze in Zeitschriften<\/h4>\n<p>Binford, L. R. 1982: The Archaeology of Place. Journal of Anthropological Archaeology 1, 5-31.<\/p>\n<p>Gr\u00fcn, R., Brink, J. S., Spooner, N. A., Taylor, L., Stringer, C. B., Franciscus, R. B. und Murray, A. 1996: Direct Dating of the Florisbad Hominid. Nature 382, 500-501.<\/p>\n<p>Kuper, R. und Kr\u00f6pelin, S. 2006: Climate-Controlled Holocene Occupation in the Sahara: Motor of Africa\u2019s Evolution. Science 313, 803-807.<\/p>\n<p>Zeitschriftennamen immer vollst\u00e4ndig ausschreiben, keine Abk\u00fcrzungen verwenden. Bei Seitenangaben immer die vollst\u00e4ndigen Seitenzahlen auff\u00fchren, Abk\u00fcrzungen wie f. oder ff. sollen nicht verwendet werden.<\/p>\n<h4>Monographien<\/h4>\n<p>Sampson, C. G. 1974: The Stone Age Archaeology of Southern Africa. New York: Academic Press.<\/p>\n<h4>Beitr\u00e4ge in B\u00fcchern oder Sammelb\u00e4nden<\/h4>\n<p>Marks, A. und Friedel, D. 1977: Prehistoric Settlement Patterns in the Avat\/Aqev Area. In: A. E. Marks (Hrsg.), Prehistory and Paleoenvironments in the Central Negev, Israel, vol. II. Dallas: Department of Anthropology, Southern Methodist University, 131-158.<\/p>\n<p>Vernet, J. L. 1993: Le milieu au Pal\u00e9olithique moyen sur les grands Causses. Analyse anthracologique de l\u2019abri des Canalettes. In: L. Meignen (Hrsg.), L\u2019abri des Canalettes. Un habitat moust\u00e9rien sur les grands Causses (Nant, Aveyron). Monographie du CRA 10. Paris: CNRS, 63-70.<\/p>\n<p>Auf alle im Literaturverzeichnis aufgef\u00fchrten Titel muss im Text verwiesen werden. In jedem Falle auf korrekte und vollst\u00e4ndige Zitate achten!<\/p>\n","protected":false},"excerpt":{"rendered":"<div class=\"entry-summary\">\nAllgemeines Manuskripte k\u00f6nnen in deutscher und englischer Sprache eingereicht werden. Sie m\u00fcssen in digitaler Form eingereicht werden. Bei jedem Beitrag m\u00fcssen dem Text sowohl eine deutsche Zusammenfassung als auch ein englisches abstract vorangestellt werden. Bei deutschsprachigen Beitr\u00e4gen soll das englische&hellip;\n<\/div>\n<div class=\"link-more\"><a href=\"https:\/\/kernsverlag.com\/de\/hinweise-fuer-beitraege-zur-mgfu\/\" class=\"more-link\">Weiterlesen\u2026<\/a><\/div>\n","protected":false},"author":1,"featured_media":0,"parent":0,"menu_order":0,"comment_status":"closed","ping_status":"closed","template":"","meta":{"_acf_changed":false,"footnotes":""},"class_list":["post-2499","page","type-page","status-publish","hentry","entry"],"acf":[],"_links":{"self":[{"href":"https:\/\/kernsverlag.com\/de\/wp-json\/wp\/v2\/pages\/2499","targetHints":{"allow":["GET"]}}],"collection":[{"href":"https:\/\/kernsverlag.com\/de\/wp-json\/wp\/v2\/pages"}],"about":[{"href":"https:\/\/kernsverlag.com\/de\/wp-json\/wp\/v2\/types\/page"}],"author":[{"embeddable":true,"href":"https:\/\/kernsverlag.com\/de\/wp-json\/wp\/v2\/users\/1"}],"replies":[{"embeddable":true,"href":"https:\/\/kernsverlag.com\/de\/wp-json\/wp\/v2\/comments?post=2499"}],"version-history":[{"count":2,"href":"https:\/\/kernsverlag.com\/de\/wp-json\/wp\/v2\/pages\/2499\/revisions"}],"predecessor-version":[{"id":2501,"href":"https:\/\/kernsverlag.com\/de\/wp-json\/wp\/v2\/pages\/2499\/revisions\/2501"}],"wp:attachment":[{"href":"https:\/\/kernsverlag.com\/de\/wp-json\/wp\/v2\/media?parent=2499"}],"curies":[{"name":"wp","href":"https:\/\/api.w.org\/{rel}","templated":true}]}}